{"id":892,"date":"2019-07-23T10:33:42","date_gmt":"2019-07-23T08:33:42","guid":{"rendered":"https:\/\/aztiker.eus\/?page_id=892"},"modified":"2024-09-30T13:09:10","modified_gmt":"2024-09-30T11:09:10","slug":"quienes-somos","status":"publish","type":"page","link":"https:\/\/www.aztiker.eus\/es\/quienes-somos\/","title":{"rendered":"Aztiker"},"content":{"rendered":"\t\t<div data-elementor-type=\"wp-post\" data-elementor-id=\"892\" class=\"elementor elementor-892 elementor-64\">\n\t\t\t\t\t\t<section class=\"elementor-section elementor-top-section elementor-element elementor-element-619f17ea elementor-section-boxed elementor-section-height-default elementor-section-height-default\" data-id=\"619f17ea\" data-element_type=\"section\">\n\t\t\t\t\t\t<div class=\"elementor-container elementor-column-gap-default\">\n\t\t\t\t\t<div class=\"elementor-column elementor-col-100 elementor-top-column elementor-element elementor-element-55727e32\" data-id=\"55727e32\" data-element_type=\"column\">\n\t\t\t<div class=\"elementor-widget-wrap elementor-element-populated\">\n\t\t\t\t\t\t<div class=\"elementor-element elementor-element-e59f02f elementor-widget__width-initial elementor-widget elementor-widget-html\" data-id=\"e59f02f\" data-element_type=\"widget\" data-widget_type=\"html.default\">\n\t\t\t\t<div class=\"elementor-widget-container\">\n\t\t\t\t\t<section id=\"team\" class=\"thunk-team cd-section\">\t\n\t<div class=\"container\">\n\t\t<div class=\"thunk-content-area\">\n\t\t\t<div class=\"thunk-col-2-1\">\n\t\t\t\t<div class=\"thunk-inner-col\">\n\t\t\t\t\t<div class=\"team-wrapper wow fadeInRight\" data-wow-duration=\"2.5s\" style=\"visibility: visible; animation-duration: 2.5s; animation-name: fadeInRight;\">\n\t\t\t\t\t\t<div class=\"thunk-teamw thunk-three no-slider pertsonak\">\n\t\t\t\t\t\t\t<!-- PERTSONA HASIERA -->\n\t\t\t\t\t\t\t<div class=\"thunk-team-post\">\n\t\t\t\t\t\t\t\t<div class=\"thunk-team-img\">\n\t\t\t\t\t\t\t\t\t<img decoding=\"async\" src=\"http:\/\/aztiker.eus\/wp-content\/uploads\/2019\/06\/Susana.png\">\n\t\t\t\t\t\t\t\t\t<div class=\"thunk-team-img-overlay\">\t\n\t\t\t\t\t\t\t\t\t\t<div class=\"thunk-team-description\">\n\t\t\t\t\t\t\t\t\t\t\t<p>Diplomada en Trabajo Social y Licenciada en Antropolog\u00eda<\/p>\n\t\t\t\t\t\t\t\t\t\t<\/div> <!--......tthunk-team-description END.....-->\n\t\t\t\t\t\t\t\t\t<\/div> <!--.......thunk-team-img-overlay END......-->\n\t\t\t\t\t\t\t\t<\/div> <!--.......thunk-team-img END........-->\t\n\t\t\t\t\t\t\t\t<a href=\"#\" class=\"thunk-team-link\">\n\t\t\t\t\t\t\t\t\t<div class=\"thunk-team-heading\">\n\t\t\t\t\t\t\t\t\t\t<span class=\"thunk-team-name\">SUSANA MARTINEZ CALAVIA<\/span>\n\t\t\t\t\t\t\t\t\t\t<span class=\"thunk-team-position\">Responsable de innovaci\u00f3n del Departamento de Participaci\u00f3n<\/span>\n\t\t\t\t\t\t\t\t\t<\/div><!--......thunk-team-heading END.......-->\n\t\t\t\t\t\t\t\t<\/a>\n\t\t\t\t\t\t\t<\/div>\n\t\t\t\t\t\t\t<!-- PERTSONA AMAIERA -->\n\n\t\t\t\t\t\t\t<!-- PERTSONA HASIERA -->\n\t\t\t\t\t\t\t<div class=\"thunk-team-post\">\n\t\t\t\t\t\t\t\t<div class=\"thunk-team-img\">\n\t\t\t\t\t\t\t\t\t<img decoding=\"async\" src=\"http:\/\/aztiker.eus\/wp-content\/uploads\/2019\/06\/Asier-Etxenike.png\">\n\t\t\t\t\t\t\t\t\t<div class=\"thunk-team-img-overlay\">\t\n\t\t\t\t\t\t\t\t\t\t<div class=\"thunk-team-description\">\n\t\t\t\t\t\t\t\t\t\t\t<p>Licenciado en Sociolog\u00eda<\/p>\n\t\t\t\t\t\t\t\t\t\t<\/div> <!--......tthunk-team-description END.....-->\n\t\t\t\t\t\t\t\t\t<\/div> <!--.......thunk-team-img-overlay END......-->\n\t\t\t\t\t\t\t\t<\/div> <!--.......thunk-team-img END........-->\t\n\t\t\t\t\t\t\t\t<a href=\"#\" class=\"thunk-team-link\">\n\t\t\t\t\t\t\t\t\t<div class=\"thunk-team-heading\">\n\t\t\t\t\t\t\t\t\t\t<span class=\"thunk-team-name\">ASIER ETXENIKE UGARTE<\/span>\n\t\t\t\t\t\t\t\t\t\t<span class=\"thunk-team-position\">Responsable de innovaci\u00f3n del Departamento de Investigaci\u00f3n<\/span>\n\t\t\t\t\t\t\t\t\t<\/div><!--......thunk-team-heading END.......-->\n\t\t\t\t\t\t\t\t<\/a>\n\t\t\t\t\t\t\t<\/div>\n\t\t\t\t\t\t\t<!-- PERTSONA AMAIERA -->\n\n\t\t\t\t\t\t\t<!-- PERTSONA HASIERA -->\n\t\t\t\t\t\t\t<div class=\"thunk-team-post\">\n\t\t\t\t\t\t\t\t<div class=\"thunk-team-img\">\n\t\t\t\t\t\t\t\t\t<img decoding=\"async\" src=\"http:\/\/aztiker.eus\/wp-content\/uploads\/2019\/06\/ainhoa.jpg\">\n\t\t\t\t\t\t\t\t\t<div class=\"thunk-team-img-overlay\">\t\n\t\t\t\t\t\t\t\t\t\t<div class=\"thunk-team-description\">\n\t\t\t\t\t\t\t\t\t\t\t<p>Diplomada en Ingenier\u00eda T\u00e9cnica<\/p>\n\t\t\t\t\t\t\t\t\t\t<\/div> <!--......tthunk-team-description END.....-->\n\t\t\t\t\t\t\t\t\t<\/div> <!--.......thunk-team-img-overlay END......-->\n\t\t\t\t\t\t\t\t<\/div> <!--.......thunk-team-img END........-->\t\n\t\t\t\t\t\t\t\t<a href=\"#\" class=\"thunk-team-link\">\n\t\t\t\t\t\t\t\t\t<div class=\"thunk-team-heading\">\n\t\t\t\t\t\t\t\t\t\t<span class=\"thunk-team-name\">AINHOA LASAGA ARRESE<\/span>\n\t\t\t\t\t\t\t\t\t\t<span class=\"thunk-team-position\">Responsable del Departamento de Administraci\u00f3n <\/span>\n\t\t\t\t\t\t\t\t\t<\/div><!--......thunk-team-heading END.......-->\n\t\t\t\t\t\t\t\t<\/a>\n\t\t\t\t\t\t\t<\/div>\n\t\t\t\t\t\t\t<!-- PERTSONA AMAIERA -->\n\t\t\t\t\t\t\t\n\t\t\t\t\t\t\t<!-- PERTSONA HASIERA -->\n\t\t\t\t\t\t\t<div class=\"thunk-team-post\">\n\t\t\t\t\t\t\t\t<div class=\"thunk-team-img\">\n\t\t\t\t\t\t\t\t\t<img decoding=\"async\" src=\"http:\/\/aztiker.eus\/wp-content\/uploads\/2019\/06\/Maitane.jpg\">\n\t\t\t\t\t\t\t\t\t<div class=\"thunk-team-img-overlay\">\t\n\t\t\t\t\t\t\t\t\t\t<div class=\"thunk-team-description\">\n\t\t\t\t\t\t\t\t\t\t\t<p>Diplomada en Trabajo Social y M\u00e1ster en \u201cParticipaci\u00f3n y desarrollo comunitario\u201d<\/p>\n\t\t\t\t\t\t\t\t\t\t<\/div> <!--......tthunk-team-description END.....-->\n\t\t\t\t\t\t\t\t\t<\/div> <!--.......thunk-team-img-overlay END......-->\n\t\t\t\t\t\t\t\t<\/div> <!--.......thunk-team-img END........-->\t\n\t\t\t\t\t\t\t\t<a href=\"#\" class=\"thunk-team-link\">\n\t\t\t\t\t\t\t\t\t<div class=\"thunk-team-heading\">\n\t\t\t\t\t\t\t\t\t\t<span class=\"thunk-team-name\">MAITANE BARRENETXEA URRETABIZKAIA<\/span>\n\t\t\t\t\t\t\t\t\t\t<span class=\"thunk-team-position\">T\u00e9cnica del Departamento de Participaci\u00f3n<\/span>\n\t\t\t\t\t\t\t\t\t<\/div><!--......thunk-team-heading END.......-->\n\t\t\t\t\t\t\t\t<\/a>\n\t\t\t\t\t\t\t<\/div>\n\t\t\t\t\t\t\t<!-- PERTSONA AMAIERA -->\n\t\t\t\t\t\t\t\n\t\t\t\t\t\t\t<!-- PERTSONA HASIERA -->\n\t\t\t\t\t\t\t<div class=\"thunk-team-post\">\n\t\t\t\t\t\t\t\t<div class=\"thunk-team-img\">\n\t\t\t\t\t\t\t\t\t<img decoding=\"async\" src=\"http:\/\/aztiker.eus\/wp-content\/uploads\/2019\/06\/Ekhi.png\">\n\t\t\t\t\t\t\t\t\t<div class=\"thunk-team-img-overlay\">\t\n\t\t\t\t\t\t\t\t\t\t<div class=\"thunk-team-description\">\n\t\t\t\t\t\t\t\t\t\t\t<p>Licenciado en Sociolog\u00eda<\/p>\n\t\t\t\t\t\t\t\t\t\t<\/div> <!--......tthunk-team-description END.....-->\n\t\t\t\t\t\t\t\t\t<\/div> <!--.......thunk-team-img-overlay END......-->\n\t\t\t\t\t\t\t\t<\/div> <!--.......thunk-team-img END........-->\t\n\t\t\t\t\t\t\t\t<a href=\"#\" class=\"thunk-team-link\">\n\t\t\t\t\t\t\t\t\t<div class=\"thunk-team-heading\">\n\t\t\t\t\t\t\t\t\t\t<span class=\"thunk-team-name\">EKHI ZUBIRIA ETXEBERRIA<\/span>\n\t\t\t\t\t\t\t\t\t\t<span class=\"thunk-team-position\">T\u00e9cnico del Departamento de Investigaci\u00f3n <br>\n                                         <\/span>\n\t\t\t\t\t\t\t\t\t<\/div><!--......thunk-team-heading END.......-->\n\t\t\t\t\t\t\t\t<\/a>\n\t\t\t\t\t\t\t<\/div>\n\t\t\t\t\t\t\t<!-- PERTSONA AMAIERA -->\n\t\t\t\t\t\t\t\n\t\t\t\t\t\t\t<!-- PERTSONA HASIERA -->\n\t\t\t\t\t\t\t<div class=\"thunk-team-post\">\n\t\t\t\t\t\t\t\t<div class=\"thunk-team-img\">\n\t\t\t\t\t\t\t\t\t<img decoding=\"async\" src=\"http:\/\/aztiker.eus\/wp-content\/uploads\/2019\/06\/Enara-Eizagirre.png\">\n\t\t\t\t\t\t\t\t\t<div class=\"thunk-team-img-overlay\">\t\n\t\t\t\t\t\t\t\t\t\t<div class=\"thunk-team-description\">\n\t\t\t\t\t\t\t\t\t\t\t<p>Grado en Antropolog\u00eda y M\u00e1ster en \"Investigaci\u00f3n antropol\u00f3gica y sus aplicaciones\"<\/p>\n\t\t\t\t\t\t\t\t\t\t<\/div> <!--......tthunk-team-description END.....-->\n\t\t\t\t\t\t\t\t\t<\/div> <!--.......thunk-team-img-overlay END......-->\n\t\t\t\t\t\t\t\t<\/div> <!--.......thunk-team-img END........-->\t\n\t\t\t\t\t\t\t\t<a href=\"#\" class=\"thunk-team-link\">\n\t\t\t\t\t\t\t\t\t<div class=\"thunk-team-heading\">\n\t\t\t\t\t\t\t\t\t\t<span class=\"thunk-team-name\">ENARA EIZAGIRRE ARANDIA<\/span>\n\t\t\t\t\t\t\t\t\t\t<span class=\"thunk-team-position\">Directora T\u00e9cnica del Departamento de Investigaci\u00f3n<\/span>\n\t\t\t\t\t\t\t\t\t<\/div><!--......thunk-team-heading END.......-->\n\t\t\t\t\t\t\t\t<\/a>\n\t\t\t\t\t\t\t<\/div>\n\t\t\t\t\t\t\t<!-- PERTSONA AMAIERA -->\n\t\t\t\t\t\t\t\n\t\t\t\t\t\t\t<!-- PERTSONA HASIERA -->\n\t\t\t\t\t\t\t<div class=\"thunk-team-post\">\n\t\t\t\t\t\t\t\t<div class=\"thunk-team-img\">\n\t\t\t\t\t\t\t\t\t<img decoding=\"async\" src=\"https:\/\/aztiker.eus\/wp-content\/uploads\/2022\/04\/Elena_2-scaled.jpg\">\n\t\t\t\t\t\t\t\t\t<div class=\"thunk-team-img-overlay\">\t\n\t\t\t\t\t\t\t\t\t\t<div class=\"thunk-team-description\">\n\t\t\t\t\t\t\t\t\t\t\t<p>Graduada en Antropolog\u00eda Social y Cultural<\/p>\n\t\t\t\t\t\t\t\t\t\t<\/div> <!--......tthunk-team-description END.....-->\n\t\t\t\t\t\t\t\t\t<\/div> <!--.......thunk-team-img-overlay END......-->\n\t\t\t\t\t\t\t\t<\/div> <!--.......thunk-team-img END........-->\t\n\t\t\t\t\t\t\t\t<a href=\"#\" class=\"thunk-team-link\">\n\t\t\t\t\t\t\t\t\t<div class=\"thunk-team-heading\">\n\t\t\t\t\t\t\t\t\t\t<span class=\"thunk-team-name\">ELENA RAMIREZ BOIXADERAS<\/span>\n\t\t\t\t\t\t\t\t\t\t<span class=\"thunk-team-position\">T\u00e9cnica del Departamento de Investigaci\u00f3nn<\/span>\n\t\t\t\t\t\t\t\t\t<\/div><!--......thunk-team-heading END.......-->\n\t\t\t\t\t\t\t\t<\/a>\n\t\t\t\t\t\t\t<\/div>\n\t\t\t\t\t\t\t<!-- PERTSONA AMAIERA -->\n\t\t\t\t\t\t\t<!-- PERTSONA HASIERA -->\n\t\t\t\t\t\t\t<div class=\"thunk-team-post\">\n\t\t\t\t\t\t\t\t<div class=\"thunk-team-img\">\n\t\t\t\t\t\t\t\t\t<img decoding=\"async\" src=\"https:\/\/aztiker.eus\/wp-content\/uploads\/2023\/10\/Uxue_txuribeltz.jpg\">\n\t\t\t\t\t\t\t\t\t<div class=\"thunk-team-img-overlay\">\t\n\t\t\t\t\t\t\t\t\t\t<div class=\"thunk-team-description\">\n\t\t\t\t\t\t\t\t\t\t\t<p>T\u00e9cnica Superior en Administraci\u00f3n y Finanzas<\/p>\n\t\t\t\t\t\t\t\t\t\t<\/div> <!--......tthunk-team-description END.....-->\n\t\t\t\t\t\t\t\t\t<\/div> <!--.......thunk-team-img-overlay END......-->\n\t\t\t\t\t\t\t\t<\/div> <!--.......thunk-team-img END........-->\t\n\t\t\t\t\t\t\t\t<a href=\"#\" class=\"thunk-team-link\">\n\t\t\t\t\t\t\t\t\t<div class=\"thunk-team-heading\">\n\t\t\t\t\t\t\t\t\t\t<span class=\"thunk-team-name\">UXUE LASAGA ARRESE<\/span>\n\t\t\t\t\t\t\t\t\t\t<span class=\"thunk-team-position\">Administrativa<\/span>\n\t\t\t\t\t\t\t\t\t<\/div><!--......thunk-team-heading END.......-->\n\t\t\t\t\t\t\t\t<\/a>\n\t\t\t\t\t\t\t<\/div>\n\t\t\t\t\t\t\t<!-- PERTSONA AMAIERA -->\n\t\t\t\t\t\t\t<!-- PERTSONA HASIERA -->\n\t\t\t\t\t\t\t<div class=\"thunk-team-post\">\n\t\t\t\t\t\t\t\t<div class=\"thunk-team-img\">\n\t\t\t\t\t\t\t\t\t<img decoding=\"async\" src=\"https:\/\/aztiker.eus\/wp-content\/uploads\/2023\/10\/Inesa_txuribeltz.jpg\">\n\t\t\t\t\t\t\t\t\t<div class=\"thunk-team-img-overlay\">\t\n\t\t\t\t\t\t\t\t\t\t<div class=\"thunk-team-description\">\n\t\t\t\t\t\t\t\t\t\t\t<p>Licenciada en Ciencias Pol\u00edticas y Sociolog\u00eda y Postgrado en \"Pr\u00e1cticas restaurativas\"<\/p>\n\t\t\t\t\t\t\t\t\t\t<\/div> <!--......tthunk-team-description END.....-->\n\t\t\t\t\t\t\t\t\t<\/div> <!--.......thunk-team-img-overlay END......-->\n\t\t\t\t\t\t\t\t<\/div> <!--.......thunk-team-img END........-->\t\n\t\t\t\t\t\t\t\t<a href=\"#\" class=\"thunk-team-link\">\n\t\t\t\t\t\t\t\t\t<div class=\"thunk-team-heading\">\n\t\t\t\t\t\t\t\t\t\t<span class=\"thunk-team-name\">INESA ARIZTIMU\u00d1O OLME\u00d1O<\/span>\n\t\t\t\t\t\t\t\t\t\t<span class=\"thunk-team-position\">Directora T\u00e9cnica del Departamento de Participaci\u00f3n<\/span>\n\t\t\t\t\t\t\t\t\t<\/div><!--......thunk-team-heading END.......-->\n\t\t\t\t\t\t\t\t<\/a>\n\t\t\t\t\t\t\t<\/div>\n\t\t\t\t\t\t\t<!-- PERTSONA AMAIERA -->\n\t\t\t\t\t\t\t<!-- PERTSONA HASIERA -->\n\t\t\t\t\t\t\t<div class=\"thunk-team-post\">\n\t\t\t\t\t\t\t\t<div class=\"thunk-team-img\">\n\t\t\t\t\t\t\t\t\t<img decoding=\"async\" src=\"https:\/\/www.aztiker.eus\/wp-content\/uploads\/2024\/09\/Gari-txuribeltz-1.jpg\">\n\t\t\t\t\t\t\t\t\t<div class=\"thunk-team-img-overlay\">\t\n\t\t\t\t\t\t\t\t\t\t<div class=\"thunk-team-description\">\n\t\t\t\t\t\t\t\t\t\t\t<p>Graduado en Sociologia y M\u00e1ster en \"Participaci\u00f3n y desarrollo comunitario\"<\/p>\n\t\t\t\t\t\t\t\t\t\t<\/div> <!--......tthunk-team-description END.....-->\n\t\t\t\t\t\t\t\t\t<\/div> <!--.......thunk-team-img-overlay END......-->\n\t\t\t\t\t\t\t\t<\/div> <!--.......thunk-team-img END........-->\t\n\t\t\t\t\t\t\t\t<a href=\"#\" class=\"thunk-team-link\">\n\t\t\t\t\t\t\t\t\t<div class=\"thunk-team-heading\">\n\t\t\t\t\t\t\t\t\t\t<span class=\"thunk-team-name\">GARIKOITZ ARRIETA FERNANDEZ<\/span>\n\t\t\t\t\t\t\t\t\t\t<span class=\"thunk-team-position\">T\u00e9cnico del Departamento de Participaci\u00f3n<\/span>\n\t\t\t\t\t\t\t\t\t<\/div><!--......thunk-team-heading END.......-->\n\t\t\t\t\t\t\t\t<\/a>\n\t\t\t\t\t\t\t<\/div>\n\t\t\t\t\t\t\t<!-- PERTSONA AMAIERA -->\n\n\t\t\t\t\t\t<\/div><!--.......thunk-team END........-->\t\t\t\t\n\t\t\t\t\t<\/div><!--.......team-wrapper END........-->\n\t\t\t\t<\/div><!--........thunk-inner-col END.......-->\n\t\t\t<\/div><!--........thunk-col-2-1 END.......-->\n\t\t<\/div><!--.............CONTENT AREA END.........-->\n\t<\/div><!--.............CONTAINER END..............-->\n<\/section>\t\t\t\t<\/div>\n\t\t\t\t<\/div>\n\t\t\t\t\t<\/div>\n\t\t<\/div>\n\t\t\t\t\t<\/div>\n\t\t<\/section>\n\t\t\t\t<\/div>\n\t\t","protected":false},"excerpt":{"rendered":"<p>Diplomada en Trabajo Social y Licenciada en Antropolog\u00eda SUSANA MARTINEZ CALAVIA Responsable de innovaci\u00f3n del Departamento de Participaci\u00f3n Licenciado en Sociolog\u00eda ASIER ETXENIKE UGARTE Responsable de innovaci\u00f3n del Departamento de Investigaci\u00f3n Diplomada en Ingenier\u00eda T\u00e9cnica AINHOA LASAGA ARRESE Responsable del Departamento de Administraci\u00f3n Diplomada en Trabajo Social y M\u00e1ster en \u201cParticipaci\u00f3n y desarrollo comunitario\u201d MAITANE &hellip;<\/p>\n<p class=\"read-more\"> <a class=\"\" href=\"https:\/\/www.aztiker.eus\/es\/quienes-somos\/\"> <span class=\"screen-reader-text\">Aztiker<\/span>Read More &raquo;<\/a><\/p>\n","protected":false},"author":1,"featured_media":0,"parent":0,"menu_order":0,"comment_status":"closed","ping_status":"closed","template":"elementor_header_footer","meta":{"footnotes":""},"class_list":["post-892","page","type-page","status-publish","hentry"],"yoast_head":"<!-- This site is optimized with the Yoast SEO plugin v26.0 - https:\/\/yoast.com\/wordpress\/plugins\/seo\/ -->\n<title>Qui\u00e9nes somos - Aztiker<\/title>\n<meta name=\"description\" content=\"Somos una cooperativa especializada en investigaci\u00f3n sociol\u00f3gica y llevamos a cabo investigaciones exclusivas adaptadas a la realidad y necesidades locales.\" \/>\n<meta name=\"robots\" content=\"index, follow, max-snippet:-1, max-image-preview:large, max-video-preview:-1\" \/>\n<link rel=\"canonical\" href=\"https:\/\/www.aztiker.eus\/es\/quienes-somos\/\" \/>\n<meta property=\"og:locale\" content=\"es_ES\" \/>\n<meta property=\"og:type\" content=\"article\" \/>\n<meta property=\"og:title\" content=\"Qui\u00e9nes somos - Aztiker\" \/>\n<meta property=\"og:description\" content=\"Somos una cooperativa especializada en investigaci\u00f3n sociol\u00f3gica y llevamos a cabo investigaciones exclusivas adaptadas a la realidad y necesidades locales.\" \/>\n<meta property=\"og:url\" content=\"https:\/\/www.aztiker.eus\/es\/quienes-somos\/\" \/>\n<meta property=\"og:site_name\" content=\"Aztiker\" \/>\n<meta property=\"article:modified_time\" content=\"2024-09-30T11:09:10+00:00\" \/>\n<meta property=\"og:image\" content=\"http:\/\/aztiker.eus\/wp-content\/uploads\/2019\/06\/Susana.png\" \/>\n<meta name=\"twitter:card\" content=\"summary_large_image\" \/>\n<meta name=\"twitter:label1\" content=\"Tiempo de lectura\" \/>\n\t<meta name=\"twitter:data1\" content=\"2 minutos\" \/>\n<script type=\"application\/ld+json\" class=\"yoast-schema-graph\">{\"@context\":\"https:\/\/schema.org\",\"@graph\":[{\"@type\":\"WebPage\",\"@id\":\"https:\/\/www.aztiker.eus\/es\/quienes-somos\/\",\"url\":\"https:\/\/www.aztiker.eus\/es\/quienes-somos\/\",\"name\":\"Qui\u00e9nes somos - Aztiker\",\"isPartOf\":{\"@id\":\"https:\/\/www.aztiker.eus\/es\/#website\"},\"primaryImageOfPage\":{\"@id\":\"https:\/\/www.aztiker.eus\/es\/quienes-somos\/#primaryimage\"},\"image\":{\"@id\":\"https:\/\/www.aztiker.eus\/es\/quienes-somos\/#primaryimage\"},\"thumbnailUrl\":\"http:\/\/aztiker.eus\/wp-content\/uploads\/2019\/06\/Susana.png\",\"datePublished\":\"2019-07-23T08:33:42+00:00\",\"dateModified\":\"2024-09-30T11:09:10+00:00\",\"description\":\"Somos una cooperativa especializada en investigaci\u00f3n sociol\u00f3gica y llevamos a cabo investigaciones exclusivas adaptadas a la realidad y necesidades locales.\",\"breadcrumb\":{\"@id\":\"https:\/\/www.aztiker.eus\/es\/quienes-somos\/#breadcrumb\"},\"inLanguage\":\"es\",\"potentialAction\":[{\"@type\":\"ReadAction\",\"target\":[\"https:\/\/www.aztiker.eus\/es\/quienes-somos\/\"]}]},{\"@type\":\"ImageObject\",\"inLanguage\":\"es\",\"@id\":\"https:\/\/www.aztiker.eus\/es\/quienes-somos\/#primaryimage\",\"url\":\"http:\/\/aztiker.eus\/wp-content\/uploads\/2019\/06\/Susana.png\",\"contentUrl\":\"http:\/\/aztiker.eus\/wp-content\/uploads\/2019\/06\/Susana.png\"},{\"@type\":\"BreadcrumbList\",\"@id\":\"https:\/\/www.aztiker.eus\/es\/quienes-somos\/#breadcrumb\",\"itemListElement\":[{\"@type\":\"ListItem\",\"position\":1,\"name\":\"Home\",\"item\":\"https:\/\/www.aztiker.eus\/es\/\"},{\"@type\":\"ListItem\",\"position\":2,\"name\":\"Aztiker\"}]},{\"@type\":\"WebSite\",\"@id\":\"https:\/\/www.aztiker.eus\/es\/#website\",\"url\":\"https:\/\/www.aztiker.eus\/es\/\",\"name\":\"Aztiker\",\"description\":\"Soziologia Ikergunea\",\"publisher\":{\"@id\":\"https:\/\/www.aztiker.eus\/es\/#organization\"},\"potentialAction\":[{\"@type\":\"SearchAction\",\"target\":{\"@type\":\"EntryPoint\",\"urlTemplate\":\"https:\/\/www.aztiker.eus\/es\/?s={search_term_string}\"},\"query-input\":{\"@type\":\"PropertyValueSpecification\",\"valueRequired\":true,\"valueName\":\"search_term_string\"}}],\"inLanguage\":\"es\"},{\"@type\":\"Organization\",\"@id\":\"https:\/\/www.aztiker.eus\/es\/#organization\",\"name\":\"Aztiker\",\"url\":\"https:\/\/www.aztiker.eus\/es\/\",\"logo\":{\"@type\":\"ImageObject\",\"inLanguage\":\"es\",\"@id\":\"https:\/\/www.aztiker.eus\/es\/#\/schema\/logo\/image\/\",\"url\":\"https:\/\/www.aztiker.eus\/wp-content\/uploads\/2019\/05\/cropped-ikonoa3.png\",\"contentUrl\":\"https:\/\/www.aztiker.eus\/wp-content\/uploads\/2019\/05\/cropped-ikonoa3.png\",\"width\":1406,\"height\":1407,\"caption\":\"Aztiker\"},\"image\":{\"@id\":\"https:\/\/www.aztiker.eus\/es\/#\/schema\/logo\/image\/\"}}]}<\/script>\n<!-- \/ Yoast SEO plugin. -->","yoast_head_json":{"title":"Qui\u00e9nes somos - Aztiker","description":"Somos una cooperativa especializada en investigaci\u00f3n sociol\u00f3gica y llevamos a cabo investigaciones exclusivas adaptadas a la realidad y necesidades locales.","robots":{"index":"index","follow":"follow","max-snippet":"max-snippet:-1","max-image-preview":"max-image-preview:large","max-video-preview":"max-video-preview:-1"},"canonical":"https:\/\/www.aztiker.eus\/es\/quienes-somos\/","og_locale":"es_ES","og_type":"article","og_title":"Qui\u00e9nes somos - Aztiker","og_description":"Somos una cooperativa especializada en investigaci\u00f3n sociol\u00f3gica y llevamos a cabo investigaciones exclusivas adaptadas a la realidad y necesidades locales.","og_url":"https:\/\/www.aztiker.eus\/es\/quienes-somos\/","og_site_name":"Aztiker","article_modified_time":"2024-09-30T11:09:10+00:00","og_image":[{"url":"http:\/\/aztiker.eus\/wp-content\/uploads\/2019\/06\/Susana.png","type":"","width":"","height":""}],"twitter_card":"summary_large_image","twitter_misc":{"Tiempo de lectura":"2 minutos"},"schema":{"@context":"https:\/\/schema.org","@graph":[{"@type":"WebPage","@id":"https:\/\/www.aztiker.eus\/es\/quienes-somos\/","url":"https:\/\/www.aztiker.eus\/es\/quienes-somos\/","name":"Qui\u00e9nes somos - Aztiker","isPartOf":{"@id":"https:\/\/www.aztiker.eus\/es\/#website"},"primaryImageOfPage":{"@id":"https:\/\/www.aztiker.eus\/es\/quienes-somos\/#primaryimage"},"image":{"@id":"https:\/\/www.aztiker.eus\/es\/quienes-somos\/#primaryimage"},"thumbnailUrl":"http:\/\/aztiker.eus\/wp-content\/uploads\/2019\/06\/Susana.png","datePublished":"2019-07-23T08:33:42+00:00","dateModified":"2024-09-30T11:09:10+00:00","description":"Somos una cooperativa especializada en investigaci\u00f3n sociol\u00f3gica y llevamos a cabo investigaciones exclusivas adaptadas a la realidad y necesidades locales.","breadcrumb":{"@id":"https:\/\/www.aztiker.eus\/es\/quienes-somos\/#breadcrumb"},"inLanguage":"es","potentialAction":[{"@type":"ReadAction","target":["https:\/\/www.aztiker.eus\/es\/quienes-somos\/"]}]},{"@type":"ImageObject","inLanguage":"es","@id":"https:\/\/www.aztiker.eus\/es\/quienes-somos\/#primaryimage","url":"http:\/\/aztiker.eus\/wp-content\/uploads\/2019\/06\/Susana.png","contentUrl":"http:\/\/aztiker.eus\/wp-content\/uploads\/2019\/06\/Susana.png"},{"@type":"BreadcrumbList","@id":"https:\/\/www.aztiker.eus\/es\/quienes-somos\/#breadcrumb","itemListElement":[{"@type":"ListItem","position":1,"name":"Home","item":"https:\/\/www.aztiker.eus\/es\/"},{"@type":"ListItem","position":2,"name":"Aztiker"}]},{"@type":"WebSite","@id":"https:\/\/www.aztiker.eus\/es\/#website","url":"https:\/\/www.aztiker.eus\/es\/","name":"Aztiker","description":"Soziologia Ikergunea","publisher":{"@id":"https:\/\/www.aztiker.eus\/es\/#organization"},"potentialAction":[{"@type":"SearchAction","target":{"@type":"EntryPoint","urlTemplate":"https:\/\/www.aztiker.eus\/es\/?s={search_term_string}"},"query-input":{"@type":"PropertyValueSpecification","valueRequired":true,"valueName":"search_term_string"}}],"inLanguage":"es"},{"@type":"Organization","@id":"https:\/\/www.aztiker.eus\/es\/#organization","name":"Aztiker","url":"https:\/\/www.aztiker.eus\/es\/","logo":{"@type":"ImageObject","inLanguage":"es","@id":"https:\/\/www.aztiker.eus\/es\/#\/schema\/logo\/image\/","url":"https:\/\/www.aztiker.eus\/wp-content\/uploads\/2019\/05\/cropped-ikonoa3.png","contentUrl":"https:\/\/www.aztiker.eus\/wp-content\/uploads\/2019\/05\/cropped-ikonoa3.png","width":1406,"height":1407,"caption":"Aztiker"},"image":{"@id":"https:\/\/www.aztiker.eus\/es\/#\/schema\/logo\/image\/"}}]}},"_links":{"self":[{"href":"https:\/\/www.aztiker.eus\/es\/wp-json\/wp\/v2\/pages\/892","targetHints":{"allow":["GET"]}}],"collection":[{"href":"https:\/\/www.aztiker.eus\/es\/wp-json\/wp\/v2\/pages"}],"about":[{"href":"https:\/\/www.aztiker.eus\/es\/wp-json\/wp\/v2\/types\/page"}],"author":[{"embeddable":true,"href":"https:\/\/www.aztiker.eus\/es\/wp-json\/wp\/v2\/users\/1"}],"replies":[{"embeddable":true,"href":"https:\/\/www.aztiker.eus\/es\/wp-json\/wp\/v2\/comments?post=892"}],"version-history":[{"count":46,"href":"https:\/\/www.aztiker.eus\/es\/wp-json\/wp\/v2\/pages\/892\/revisions"}],"predecessor-version":[{"id":2481,"href":"https:\/\/www.aztiker.eus\/es\/wp-json\/wp\/v2\/pages\/892\/revisions\/2481"}],"wp:attachment":[{"href":"https:\/\/www.aztiker.eus\/es\/wp-json\/wp\/v2\/media?parent=892"}],"curies":[{"name":"wp","href":"https:\/\/api.w.org\/{rel}","templated":true}]}}