{"id":887,"date":"2019-05-17T10:53:24","date_gmt":"2019-05-17T08:53:24","guid":{"rendered":"https:\/\/aztiker.eus\/hasiera\/"},"modified":"2023-10-18T18:54:36","modified_gmt":"2023-10-18T16:54:36","slug":"hasiera","status":"publish","type":"page","link":"https:\/\/www.aztiker.eus\/es\/","title":{"rendered":"Inicio"},"content":{"rendered":"\t\t<div data-elementor-type=\"wp-post\" data-elementor-id=\"887\" class=\"elementor elementor-887 elementor-5\">\n\t\t\t\t\t\t<section class=\"elementor-section elementor-top-section elementor-element elementor-element-00fffa9 elementor-section-boxed elementor-section-height-default elementor-section-height-default\" data-id=\"00fffa9\" data-element_type=\"section\">\n\t\t\t\t\t\t<div class=\"elementor-container elementor-column-gap-default\">\n\t\t\t\t\t<div class=\"elementor-column elementor-col-100 elementor-top-column elementor-element elementor-element-5847083\" data-id=\"5847083\" data-element_type=\"column\">\n\t\t\t<div class=\"elementor-widget-wrap elementor-element-populated\">\n\t\t\t\t\t\t<div class=\"elementor-element elementor-element-93687e3 elementor-widget elementor-widget-spacer\" data-id=\"93687e3\" data-element_type=\"widget\" data-widget_type=\"spacer.default\">\n\t\t\t\t<div class=\"elementor-widget-container\">\n\t\t\t\t\t\t\t<div class=\"elementor-spacer\">\n\t\t\t<div class=\"elementor-spacer-inner\"><\/div>\n\t\t<\/div>\n\t\t\t\t\t\t<\/div>\n\t\t\t\t<\/div>\n\t\t\t\t<div class=\"elementor-element elementor-element-641fcc7 elementor-widget elementor-widget-html\" data-id=\"641fcc7\" data-element_type=\"widget\" data-widget_type=\"html.default\">\n\t\t\t\t<div class=\"elementor-widget-container\">\n\t\t\t\t\t<section class=\"elementor-element elementor-element-5cda4e6 elementor-section-boxed elementor-section-height-default elementor-section-height-default elementor-section elementor-top-section\" data-id=\"5cda4e6\" data-element_type=\"section\">\n\t\t\t\t\t\t<div class=\"elementor-container elementor-column-gap-default\">\n\t\t\t\t<div class=\"elementor-row\">\n\t\t\t\t<div class=\"elementor-element elementor-element-b2bb9fc elementor-column elementor-col-100 elementor-top-column\" data-id=\"b2bb9fc\" data-element_type=\"column\">\n\t\t\t<div class=\"elementor-column-wrap  elementor-element-populated\">\n\t\t\t\t\t<div class=\"elementor-widget-wrap\">\n\t\t\t\t<div class=\"elementor-element elementor-element-0621c30 elementor-widget elementor-widget-html\" data-id=\"0621c30\" data-element_type=\"widget\" data-widget_type=\"html.default\">\n\t\t\t\t<div class=\"elementor-widget-container\">\n\t\t\t<section id=\"zerbitzuak\" class=\"thunk-service cd-section\">\n\t<div class=\"container\">\n\t\t<div class=\"thunk-content-area\">\n\t\t\t<div class=\"thunk-col-1\">\n\t\t\t\t<div class=\"thunk-inner-col\">\n\t\t\t\t\t<div class=\"index-wrapper\">\n\t\t\t\t\t\t<div class=\"heading-name\">\n\t\t\t\t\t\t\t<span class=\"vertical-text wow fadeIn\" data-wow-duration=\"3s\" style=\"visibility: visible; animation-duration: 3s; animation-name: fadeIn;\">\n\t\t\t\t\t\t\t \t\n\t\t\t\t\t\t\t<\/span>\n\t\t\t\t\t\t<\/div>\t\n\t\t\t\t\t<\/div><!--........index-wrapper END.......-->\n\t\t\t\t<\/div><!--....thunk-inner-col END.........-->\n\t\t    <\/div><!--....col-1 END.........-->\n    \t\t<div class=\"thunk-col-2-1\">\n    \t\t\t<div class=\"thunk-inner-col\">\n    \t\t\t\t<h2 class=\"short-heading wow fadeInLeft\" data-wow-duration=\"2.5s\" style=\"visibility: visible; animation-duration: 2.5s; animation-name: fadeInLeft;\"> \n    \tSERVICIOS\t\t\t\t<\/h2>\n    \t\t    <\/div><!--......thunk-inner-col END.............-->\n\t\t\t<\/div><!--....thunk-col-2-2 END.........-->\n\t\t<\/div><!--....thunk-content-area END.........-->\n\t<\/div><!--....container END.........-->\n<\/section>\t\t<\/div>\n\t\t\t\t<\/div>\n\t\t\t\t\t\t<\/div>\n\t\t\t<\/div>\n\t\t<\/div>\n\t\t\t\t\t\t<\/div>\n\t\t\t<\/div>\n\t\t<\/section>\t\t\t\t<\/div>\n\t\t\t\t<\/div>\n\t\t\t\t\t<\/div>\n\t\t<\/div>\n\t\t\t\t\t<\/div>\n\t\t<\/section>\n\t\t\t\t<section class=\"elementor-section elementor-top-section elementor-element elementor-element-7761304 elementor-section-boxed elementor-section-height-default elementor-section-height-default\" data-id=\"7761304\" data-element_type=\"section\">\n\t\t\t\t\t\t<div class=\"elementor-container elementor-column-gap-default\">\n\t\t\t\t\t<div class=\"elementor-column elementor-col-100 elementor-top-column elementor-element elementor-element-defedbc\" data-id=\"defedbc\" data-element_type=\"column\">\n\t\t\t<div class=\"elementor-widget-wrap\">\n\t\t\t\t\t\t\t<\/div>\n\t\t<\/div>\n\t\t\t\t\t<\/div>\n\t\t<\/section>\n\t\t\t\t<section class=\"elementor-section elementor-top-section elementor-element elementor-element-8511dc8 elementor-section-full_width zerbitzuak-container elementor-section-height-default elementor-section-height-default\" data-id=\"8511dc8\" data-element_type=\"section\">\n\t\t\t\t\t\t<div class=\"elementor-container elementor-column-gap-no\">\n\t\t\t\t\t<div class=\"elementor-column elementor-col-25 elementor-top-column elementor-element elementor-element-4cb293a\" data-id=\"4cb293a\" data-element_type=\"column\">\n\t\t\t<div class=\"elementor-widget-wrap elementor-element-populated\">\n\t\t\t\t\t\t<div class=\"elementor-element elementor-element-4da66d0 elementor-position-top elementor-widget elementor-widget-image-box\" data-id=\"4da66d0\" data-element_type=\"widget\" data-widget_type=\"image-box.default\">\n\t\t\t\t<div class=\"elementor-widget-container\">\n\t\t\t\t\t<div class=\"elementor-image-box-wrapper\"><figure class=\"elementor-image-box-img\"><a href=\"\/es\/servicio\/innovacion-para-la-participacion\/\" tabindex=\"-1\"><img fetchpriority=\"high\" decoding=\"async\" width=\"600\" height=\"600\" src=\"https:\/\/www.aztiker.eus\/wp-content\/uploads\/2023\/10\/partaidetza-sietamak-1-600x600.jpg\" class=\"attachment-medium size-medium wp-image-2065\" alt=\"\" srcset=\"https:\/\/www.aztiker.eus\/wp-content\/uploads\/2023\/10\/partaidetza-sietamak-1-600x600.jpg 600w, https:\/\/www.aztiker.eus\/wp-content\/uploads\/2023\/10\/partaidetza-sietamak-1-800x800.jpg 800w, https:\/\/www.aztiker.eus\/wp-content\/uploads\/2023\/10\/partaidetza-sietamak-1-300x300.jpg 300w, https:\/\/www.aztiker.eus\/wp-content\/uploads\/2023\/10\/partaidetza-sietamak-1-768x768.jpg 768w, https:\/\/www.aztiker.eus\/wp-content\/uploads\/2023\/10\/partaidetza-sietamak-1.jpg 1000w\" sizes=\"(max-width: 600px) 100vw, 600px\" \/><\/a><\/figure><div class=\"elementor-image-box-content\"><p class=\"elementor-image-box-title\"><a href=\"\/es\/servicio\/innovacion-para-la-participacion\/\">INNOVACI\u00d3N PARA LA PARTICIPACI\u00d3N<\/a><\/p><\/div><\/div>\t\t\t\t<\/div>\n\t\t\t\t<\/div>\n\t\t\t\t\t<\/div>\n\t\t<\/div>\n\t\t\t\t<div class=\"elementor-column elementor-col-25 elementor-top-column elementor-element elementor-element-5c8a86b\" data-id=\"5c8a86b\" data-element_type=\"column\">\n\t\t\t<div class=\"elementor-widget-wrap elementor-element-populated\">\n\t\t\t\t\t\t<div class=\"elementor-element elementor-element-9bba811 elementor-position-top elementor-widget elementor-widget-image-box\" data-id=\"9bba811\" data-element_type=\"widget\" data-widget_type=\"image-box.default\">\n\t\t\t\t<div class=\"elementor-widget-container\">\n\t\t\t\t\t<div class=\"elementor-image-box-wrapper\"><figure class=\"elementor-image-box-img\"><a href=\"\/es\/servicio\/investigaciones-y-diagnosticos\/\" tabindex=\"-1\"><img decoding=\"async\" width=\"600\" height=\"600\" src=\"https:\/\/www.aztiker.eus\/wp-content\/uploads\/2023\/10\/ikerketa-kuantitatiboak-1-600x600.jpg\" class=\"attachment-medium size-medium wp-image-2063\" alt=\"\" srcset=\"https:\/\/www.aztiker.eus\/wp-content\/uploads\/2023\/10\/ikerketa-kuantitatiboak-1-600x600.jpg 600w, https:\/\/www.aztiker.eus\/wp-content\/uploads\/2023\/10\/ikerketa-kuantitatiboak-1-800x800.jpg 800w, https:\/\/www.aztiker.eus\/wp-content\/uploads\/2023\/10\/ikerketa-kuantitatiboak-1-300x300.jpg 300w, https:\/\/www.aztiker.eus\/wp-content\/uploads\/2023\/10\/ikerketa-kuantitatiboak-1-768x768.jpg 768w, https:\/\/www.aztiker.eus\/wp-content\/uploads\/2023\/10\/ikerketa-kuantitatiboak-1.jpg 1000w\" sizes=\"(max-width: 600px) 100vw, 600px\" \/><\/a><\/figure><div class=\"elementor-image-box-content\"><p class=\"elementor-image-box-title\"><a href=\"\/es\/servicio\/investigaciones-y-diagnosticos\/\">INVESTIGACIONES Y DIAGN\u00d3STICOS<\/a><\/p><\/div><\/div>\t\t\t\t<\/div>\n\t\t\t\t<\/div>\n\t\t\t\t\t<\/div>\n\t\t<\/div>\n\t\t\t\t<div class=\"elementor-column elementor-col-25 elementor-top-column elementor-element elementor-element-914f2aa\" data-id=\"914f2aa\" data-element_type=\"column\">\n\t\t\t<div class=\"elementor-widget-wrap elementor-element-populated\">\n\t\t\t\t\t\t<div class=\"elementor-element elementor-element-74f0def elementor-position-top elementor-widget elementor-widget-image-box\" data-id=\"74f0def\" data-element_type=\"widget\" data-widget_type=\"image-box.default\">\n\t\t\t\t<div class=\"elementor-widget-container\">\n\t\t\t\t\t<div class=\"elementor-image-box-wrapper\"><figure class=\"elementor-image-box-img\"><a href=\"\/es\/servicio\/intervencion-y-acompanamiento\/\" tabindex=\"-1\"><img decoding=\"async\" width=\"600\" height=\"600\" src=\"https:\/\/www.aztiker.eus\/wp-content\/uploads\/2023\/10\/ikerketa-kualitatiboak-1-600x600.jpg\" class=\"attachment-medium size-medium wp-image-2067\" alt=\"\" srcset=\"https:\/\/www.aztiker.eus\/wp-content\/uploads\/2023\/10\/ikerketa-kualitatiboak-1-600x600.jpg 600w, https:\/\/www.aztiker.eus\/wp-content\/uploads\/2023\/10\/ikerketa-kualitatiboak-1-800x800.jpg 800w, https:\/\/www.aztiker.eus\/wp-content\/uploads\/2023\/10\/ikerketa-kualitatiboak-1-300x300.jpg 300w, https:\/\/www.aztiker.eus\/wp-content\/uploads\/2023\/10\/ikerketa-kualitatiboak-1-768x768.jpg 768w, https:\/\/www.aztiker.eus\/wp-content\/uploads\/2023\/10\/ikerketa-kualitatiboak-1.jpg 1000w\" sizes=\"(max-width: 600px) 100vw, 600px\" \/><\/a><\/figure><div class=\"elementor-image-box-content\"><p class=\"elementor-image-box-title\"><a href=\"\/es\/servicio\/intervencion-y-acompanamiento\/\">INTERVENCI\u00d3N Y ACOMPA\u00d1AMIENTO<\/a><\/p><\/div><\/div>\t\t\t\t<\/div>\n\t\t\t\t<\/div>\n\t\t\t\t\t<\/div>\n\t\t<\/div>\n\t\t\t\t<div class=\"elementor-column elementor-col-25 elementor-top-column elementor-element elementor-element-51adc76\" data-id=\"51adc76\" data-element_type=\"column\">\n\t\t\t<div class=\"elementor-widget-wrap elementor-element-populated\">\n\t\t\t\t\t\t<div class=\"elementor-element elementor-element-ec16499 elementor-position-top elementor-widget elementor-widget-image-box\" data-id=\"ec16499\" data-element_type=\"widget\" data-widget_type=\"image-box.default\">\n\t\t\t\t<div class=\"elementor-widget-container\">\n\t\t\t\t\t<div class=\"elementor-image-box-wrapper\"><figure class=\"elementor-image-box-img\"><a href=\"\/es\/servicio\/formacion-y-asesoramiento-tecnico\/\" tabindex=\"-1\"><img loading=\"lazy\" decoding=\"async\" width=\"600\" height=\"600\" src=\"https:\/\/www.aztiker.eus\/wp-content\/uploads\/2023\/10\/formazio-aholkularitza-1-600x600.jpg\" class=\"attachment-medium size-medium wp-image-2069\" alt=\"\" srcset=\"https:\/\/www.aztiker.eus\/wp-content\/uploads\/2023\/10\/formazio-aholkularitza-1-600x600.jpg 600w, https:\/\/www.aztiker.eus\/wp-content\/uploads\/2023\/10\/formazio-aholkularitza-1-800x800.jpg 800w, https:\/\/www.aztiker.eus\/wp-content\/uploads\/2023\/10\/formazio-aholkularitza-1-300x300.jpg 300w, https:\/\/www.aztiker.eus\/wp-content\/uploads\/2023\/10\/formazio-aholkularitza-1-768x768.jpg 768w, https:\/\/www.aztiker.eus\/wp-content\/uploads\/2023\/10\/formazio-aholkularitza-1.jpg 1000w\" sizes=\"(max-width: 600px) 100vw, 600px\" \/><\/a><\/figure><div class=\"elementor-image-box-content\"><p class=\"elementor-image-box-title\"><a href=\"\/es\/servicio\/formacion-y-asesoramiento-tecnico\/\">FORMACI\u00d3N Y ASESORAMIENTO T\u00c9CNICO<\/a><\/p><\/div><\/div>\t\t\t\t<\/div>\n\t\t\t\t<\/div>\n\t\t\t\t\t<\/div>\n\t\t<\/div>\n\t\t\t\t\t<\/div>\n\t\t<\/section>\n\t\t\t\t<\/div>\n\t\t","protected":false},"excerpt":{"rendered":"<p>SERVICIOS INNOVACI\u00d3N PARA LA PARTICIPACI\u00d3N INVESTIGACIONES Y DIAGN\u00d3STICOS INTERVENCI\u00d3N Y ACOMPA\u00d1AMIENTO FORMACI\u00d3N Y ASESORAMIENTO T\u00c9CNICO<\/p>\n","protected":false},"author":1,"featured_media":0,"parent":0,"menu_order":0,"comment_status":"closed","ping_status":"closed","template":"gogo-frontpage.php","meta":{"footnotes":""},"class_list":["post-887","page","type-page","status-publish","hentry"],"yoast_head":"<!-- This site is optimized with the Yoast SEO plugin v26.0 - https:\/\/yoast.com\/wordpress\/plugins\/seo\/ -->\n<title>Investigaci\u00f3n sociol\u00f3gica e investigaciones locales - Aztiker<\/title>\n<meta name=\"description\" content=\"Somos una cooperativa especializada en investigaci\u00f3n sociol\u00f3gica y llevamos a cabo investigaciones exclusivas adaptadas a la realidad y necesidades locales.\" \/>\n<meta name=\"robots\" content=\"index, follow, max-snippet:-1, max-image-preview:large, max-video-preview:-1\" \/>\n<link rel=\"canonical\" href=\"https:\/\/www.aztiker.eus\/es\/\" \/>\n<meta property=\"og:locale\" content=\"es_ES\" \/>\n<meta property=\"og:type\" content=\"article\" \/>\n<meta property=\"og:title\" content=\"Investigaci\u00f3n sociol\u00f3gica e investigaciones locales - Aztiker\" \/>\n<meta property=\"og:description\" content=\"Somos una cooperativa especializada en investigaci\u00f3n sociol\u00f3gica y llevamos a cabo investigaciones exclusivas adaptadas a la realidad y necesidades locales.\" \/>\n<meta property=\"og:url\" content=\"https:\/\/www.aztiker.eus\/es\/\" \/>\n<meta property=\"og:site_name\" content=\"Aztiker\" \/>\n<meta property=\"article:modified_time\" content=\"2023-10-18T16:54:36+00:00\" \/>\n<meta property=\"og:image\" content=\"https:\/\/aztiker.eus\/wp-content\/uploads\/2023\/10\/partaidetza-sietamak-1-600x600.jpg\" \/>\n<meta name=\"twitter:card\" content=\"summary_large_image\" \/>\n<script type=\"application\/ld+json\" class=\"yoast-schema-graph\">{\"@context\":\"https:\/\/schema.org\",\"@graph\":[{\"@type\":\"WebPage\",\"@id\":\"https:\/\/www.aztiker.eus\/es\/\",\"url\":\"https:\/\/www.aztiker.eus\/es\/\",\"name\":\"Investigaci\u00f3n sociol\u00f3gica e investigaciones locales - Aztiker\",\"isPartOf\":{\"@id\":\"https:\/\/www.aztiker.eus\/es\/#website\"},\"primaryImageOfPage\":{\"@id\":\"https:\/\/www.aztiker.eus\/es\/#primaryimage\"},\"image\":{\"@id\":\"https:\/\/www.aztiker.eus\/es\/#primaryimage\"},\"thumbnailUrl\":\"https:\/\/aztiker.eus\/wp-content\/uploads\/2023\/10\/partaidetza-sietamak-1-600x600.jpg\",\"datePublished\":\"2019-05-17T08:53:24+00:00\",\"dateModified\":\"2023-10-18T16:54:36+00:00\",\"description\":\"Somos una cooperativa especializada en investigaci\u00f3n sociol\u00f3gica y llevamos a cabo investigaciones exclusivas adaptadas a la realidad y necesidades locales.\",\"breadcrumb\":{\"@id\":\"https:\/\/www.aztiker.eus\/es\/#breadcrumb\"},\"inLanguage\":\"es\",\"potentialAction\":[{\"@type\":\"ReadAction\",\"target\":[\"https:\/\/www.aztiker.eus\/es\/\"]}]},{\"@type\":\"ImageObject\",\"inLanguage\":\"es\",\"@id\":\"https:\/\/www.aztiker.eus\/es\/#primaryimage\",\"url\":\"https:\/\/aztiker.eus\/wp-content\/uploads\/2023\/10\/partaidetza-sietamak-1-600x600.jpg\",\"contentUrl\":\"https:\/\/aztiker.eus\/wp-content\/uploads\/2023\/10\/partaidetza-sietamak-1-600x600.jpg\"},{\"@type\":\"BreadcrumbList\",\"@id\":\"https:\/\/www.aztiker.eus\/es\/#breadcrumb\",\"itemListElement\":[{\"@type\":\"ListItem\",\"position\":1,\"name\":\"Home\",\"item\":\"https:\/\/www.aztiker.eus\/es\/\"},{\"@type\":\"ListItem\",\"position\":2,\"name\":\"Inicio\"}]},{\"@type\":\"WebSite\",\"@id\":\"https:\/\/www.aztiker.eus\/es\/#website\",\"url\":\"https:\/\/www.aztiker.eus\/es\/\",\"name\":\"Aztiker\",\"description\":\"Soziologia Ikergunea\",\"publisher\":{\"@id\":\"https:\/\/www.aztiker.eus\/es\/#organization\"},\"potentialAction\":[{\"@type\":\"SearchAction\",\"target\":{\"@type\":\"EntryPoint\",\"urlTemplate\":\"https:\/\/www.aztiker.eus\/es\/?s={search_term_string}\"},\"query-input\":{\"@type\":\"PropertyValueSpecification\",\"valueRequired\":true,\"valueName\":\"search_term_string\"}}],\"inLanguage\":\"es\"},{\"@type\":\"Organization\",\"@id\":\"https:\/\/www.aztiker.eus\/es\/#organization\",\"name\":\"Aztiker\",\"url\":\"https:\/\/www.aztiker.eus\/es\/\",\"logo\":{\"@type\":\"ImageObject\",\"inLanguage\":\"es\",\"@id\":\"https:\/\/www.aztiker.eus\/es\/#\/schema\/logo\/image\/\",\"url\":\"https:\/\/www.aztiker.eus\/wp-content\/uploads\/2019\/05\/cropped-ikonoa3.png\",\"contentUrl\":\"https:\/\/www.aztiker.eus\/wp-content\/uploads\/2019\/05\/cropped-ikonoa3.png\",\"width\":1406,\"height\":1407,\"caption\":\"Aztiker\"},\"image\":{\"@id\":\"https:\/\/www.aztiker.eus\/es\/#\/schema\/logo\/image\/\"}}]}<\/script>\n<!-- \/ Yoast SEO plugin. -->","yoast_head_json":{"title":"Investigaci\u00f3n sociol\u00f3gica e investigaciones locales - Aztiker","description":"Somos una cooperativa especializada en investigaci\u00f3n sociol\u00f3gica y llevamos a cabo investigaciones exclusivas adaptadas a la realidad y necesidades locales.","robots":{"index":"index","follow":"follow","max-snippet":"max-snippet:-1","max-image-preview":"max-image-preview:large","max-video-preview":"max-video-preview:-1"},"canonical":"https:\/\/www.aztiker.eus\/es\/","og_locale":"es_ES","og_type":"article","og_title":"Investigaci\u00f3n sociol\u00f3gica e investigaciones locales - Aztiker","og_description":"Somos una cooperativa especializada en investigaci\u00f3n sociol\u00f3gica y llevamos a cabo investigaciones exclusivas adaptadas a la realidad y necesidades locales.","og_url":"https:\/\/www.aztiker.eus\/es\/","og_site_name":"Aztiker","article_modified_time":"2023-10-18T16:54:36+00:00","og_image":[{"url":"https:\/\/aztiker.eus\/wp-content\/uploads\/2023\/10\/partaidetza-sietamak-1-600x600.jpg","type":"","width":"","height":""}],"twitter_card":"summary_large_image","schema":{"@context":"https:\/\/schema.org","@graph":[{"@type":"WebPage","@id":"https:\/\/www.aztiker.eus\/es\/","url":"https:\/\/www.aztiker.eus\/es\/","name":"Investigaci\u00f3n sociol\u00f3gica e investigaciones locales - Aztiker","isPartOf":{"@id":"https:\/\/www.aztiker.eus\/es\/#website"},"primaryImageOfPage":{"@id":"https:\/\/www.aztiker.eus\/es\/#primaryimage"},"image":{"@id":"https:\/\/www.aztiker.eus\/es\/#primaryimage"},"thumbnailUrl":"https:\/\/aztiker.eus\/wp-content\/uploads\/2023\/10\/partaidetza-sietamak-1-600x600.jpg","datePublished":"2019-05-17T08:53:24+00:00","dateModified":"2023-10-18T16:54:36+00:00","description":"Somos una cooperativa especializada en investigaci\u00f3n sociol\u00f3gica y llevamos a cabo investigaciones exclusivas adaptadas a la realidad y necesidades locales.","breadcrumb":{"@id":"https:\/\/www.aztiker.eus\/es\/#breadcrumb"},"inLanguage":"es","potentialAction":[{"@type":"ReadAction","target":["https:\/\/www.aztiker.eus\/es\/"]}]},{"@type":"ImageObject","inLanguage":"es","@id":"https:\/\/www.aztiker.eus\/es\/#primaryimage","url":"https:\/\/aztiker.eus\/wp-content\/uploads\/2023\/10\/partaidetza-sietamak-1-600x600.jpg","contentUrl":"https:\/\/aztiker.eus\/wp-content\/uploads\/2023\/10\/partaidetza-sietamak-1-600x600.jpg"},{"@type":"BreadcrumbList","@id":"https:\/\/www.aztiker.eus\/es\/#breadcrumb","itemListElement":[{"@type":"ListItem","position":1,"name":"Home","item":"https:\/\/www.aztiker.eus\/es\/"},{"@type":"ListItem","position":2,"name":"Inicio"}]},{"@type":"WebSite","@id":"https:\/\/www.aztiker.eus\/es\/#website","url":"https:\/\/www.aztiker.eus\/es\/","name":"Aztiker","description":"Soziologia Ikergunea","publisher":{"@id":"https:\/\/www.aztiker.eus\/es\/#organization"},"potentialAction":[{"@type":"SearchAction","target":{"@type":"EntryPoint","urlTemplate":"https:\/\/www.aztiker.eus\/es\/?s={search_term_string}"},"query-input":{"@type":"PropertyValueSpecification","valueRequired":true,"valueName":"search_term_string"}}],"inLanguage":"es"},{"@type":"Organization","@id":"https:\/\/www.aztiker.eus\/es\/#organization","name":"Aztiker","url":"https:\/\/www.aztiker.eus\/es\/","logo":{"@type":"ImageObject","inLanguage":"es","@id":"https:\/\/www.aztiker.eus\/es\/#\/schema\/logo\/image\/","url":"https:\/\/www.aztiker.eus\/wp-content\/uploads\/2019\/05\/cropped-ikonoa3.png","contentUrl":"https:\/\/www.aztiker.eus\/wp-content\/uploads\/2019\/05\/cropped-ikonoa3.png","width":1406,"height":1407,"caption":"Aztiker"},"image":{"@id":"https:\/\/www.aztiker.eus\/es\/#\/schema\/logo\/image\/"}}]}},"_links":{"self":[{"href":"https:\/\/www.aztiker.eus\/es\/wp-json\/wp\/v2\/pages\/887","targetHints":{"allow":["GET"]}}],"collection":[{"href":"https:\/\/www.aztiker.eus\/es\/wp-json\/wp\/v2\/pages"}],"about":[{"href":"https:\/\/www.aztiker.eus\/es\/wp-json\/wp\/v2\/types\/page"}],"author":[{"embeddable":true,"href":"https:\/\/www.aztiker.eus\/es\/wp-json\/wp\/v2\/users\/1"}],"replies":[{"embeddable":true,"href":"https:\/\/www.aztiker.eus\/es\/wp-json\/wp\/v2\/comments?post=887"}],"version-history":[{"count":31,"href":"https:\/\/www.aztiker.eus\/es\/wp-json\/wp\/v2\/pages\/887\/revisions"}],"predecessor-version":[{"id":2082,"href":"https:\/\/www.aztiker.eus\/es\/wp-json\/wp\/v2\/pages\/887\/revisions\/2082"}],"wp:attachment":[{"href":"https:\/\/www.aztiker.eus\/es\/wp-json\/wp\/v2\/media?parent=887"}],"curies":[{"name":"wp","href":"https:\/\/api.w.org\/{rel}","templated":true}]}}