{"id":1546,"date":"2021-02-25T11:17:30","date_gmt":"2021-02-25T10:17:30","guid":{"rendered":"https:\/\/aztiker.eus\/?page_id=1546"},"modified":"2021-03-15T13:10:22","modified_gmt":"2021-03-15T12:10:22","slug":"1546-2","status":"publish","type":"page","link":"https:\/\/www.aztiker.eus\/es\/1546-2\/","title":{"rendered":"Elementor #1546"},"content":{"rendered":"\t\t<div data-elementor-type=\"wp-page\" data-elementor-id=\"1546\" class=\"elementor elementor-1546 elementor-1522\">\n\t\t\t\t\t\t<section class=\"elementor-section elementor-top-section elementor-element elementor-element-222c274b elementor-section-boxed elementor-section-height-default elementor-section-height-default\" data-id=\"222c274b\" data-element_type=\"section\">\n\t\t\t\t\t\t<div class=\"elementor-container elementor-column-gap-default\">\n\t\t\t\t\t<div class=\"elementor-column elementor-col-100 elementor-top-column elementor-element elementor-element-1d022e6b\" data-id=\"1d022e6b\" data-element_type=\"column\">\n\t\t\t<div class=\"elementor-widget-wrap elementor-element-populated\">\n\t\t\t\t\t\t<section class=\"elementor-section elementor-inner-section elementor-element elementor-element-786d58c elementor-section-boxed elementor-section-height-default elementor-section-height-default\" data-id=\"786d58c\" data-element_type=\"section\">\n\t\t\t\t\t\t<div class=\"elementor-container elementor-column-gap-default\">\n\t\t\t\t\t<div class=\"elementor-column elementor-col-33 elementor-inner-column elementor-element elementor-element-5e87855\" data-id=\"5e87855\" data-element_type=\"column\">\n\t\t\t<div class=\"elementor-widget-wrap\">\n\t\t\t\t\t\t\t<\/div>\n\t\t<\/div>\n\t\t\t\t<div class=\"elementor-column elementor-col-33 elementor-inner-column elementor-element elementor-element-7b49035\" data-id=\"7b49035\" data-element_type=\"column\">\n\t\t\t<div class=\"elementor-widget-wrap elementor-element-populated\">\n\t\t\t\t\t\t<div class=\"elementor-element elementor-element-afe0885 elementor-widget elementor-widget-image\" data-id=\"afe0885\" data-element_type=\"widget\" data-widget_type=\"image.default\">\n\t\t\t\t<div class=\"elementor-widget-container\">\n\t\t\t\t\t\t\t\t\t\t\t\t\t\t\t<img fetchpriority=\"high\" decoding=\"async\" width=\"387\" height=\"166\" src=\"https:\/\/www.aztiker.eus\/wp-content\/uploads\/2021\/03\/ehu-upv-2.jpg\" class=\"attachment-large size-large wp-image-1580\" alt=\"\" \/>\t\t\t\t\t\t\t\t\t\t\t\t\t\t\t<\/div>\n\t\t\t\t<\/div>\n\t\t\t\t\t<\/div>\n\t\t<\/div>\n\t\t\t\t<div class=\"elementor-column elementor-col-33 elementor-inner-column elementor-element elementor-element-8c76a00\" data-id=\"8c76a00\" data-element_type=\"column\">\n\t\t\t<div class=\"elementor-widget-wrap\">\n\t\t\t\t\t\t\t<\/div>\n\t\t<\/div>\n\t\t\t\t\t<\/div>\n\t\t<\/section>\n\t\t\t\t<div class=\"elementor-element elementor-element-119cbd5e elementor-widget elementor-widget-text-editor\" data-id=\"119cbd5e\" data-element_type=\"widget\" data-widget_type=\"text-editor.default\">\n\t\t\t\t<div class=\"elementor-widget-container\">\n\t\t\t\t\t\t\t\t\t<div class=\"WordSection1\"><p class=\"MsoNormal\" style=\"text-align: right; mso-pagination: widow-orphan; mso-hyphenate: auto;\" align=\"right\"><span style=\"font-size: 11.0pt;\">En Donostia, Febrero de 2021<\/span><\/p><p class=\"MsoNormal\" style=\"text-align: justify; text-justify: inter-ideograph;\"><span style=\"font-size: 11.0pt;\">Hola,<\/span><span style=\"font-size: 11pt; font-family: var( --e-global-typography-text-font-family );\">\u00a0<\/span><\/p><p><span style=\"font-size: 11.0pt; color: windowtext;\">Las alianzas y din\u00e1micas que se est\u00e1n desarrollando en los \u00faltimos a\u00f1os en el marco de la sociedad civil y los movimientos sociales est\u00e1n dando lugar a experiencias interesantes que nos sit\u00faan, a su vez, en nuevos escenarios. Varios grupos de investigaci\u00f3n de la UPV\/EHU llevamos algunos a\u00f1os trabajando conjuntamente en un proyecto de investigaci\u00f3n que se centra, precisamente, en el an\u00e1lisis de estas din\u00e1micas\u00a0<\/span><span class=\"Internetesteka\" style=\"color: #0000ff;\"><span lang=\"UZ-CYR\" style=\"font-size: 11pt;\"><a style=\"color: #0000ff;\" href=\"https:\/\/web-argitalpena.adm.ehu.es\/listaproductos.asp?IdProducts=USPDF202499\">(esta investigaci\u00f3n parte de una que hicimos anteriormente en Gipuzkoa<\/a><\/span><\/span><span style=\"font-size: 11.0pt; color: windowtext;\"><span style=\"color: #0000ff;\">).<\/span> En el marco de este proyecto, ahora queremos analizar mediante una encuesta c\u00f3mo est\u00e1 incidiendo la situaci\u00f3n social generada por el Covid-19 en las din\u00e1micas de los movimientos sociales y en la participaci\u00f3n sociopol\u00edtica. Para ello, contamos con la colaboraci\u00f3n de <\/span><span class=\"Internetesteka\"><span lang=\"UZ-CYR\" style=\"font-size: 11.0pt; color: windowtext;\">Aztiker Soziologia Ikergunea Kooperatiba<\/span><\/span><span style=\"font-size: 11.0pt; color: windowtext;\">, una cooperativa experta en este tipo de trabajos, que es quien va a realizar la encuesta.<\/span><span style=\"color: windowtext; font-size: 11pt; font-family: var( --e-global-typography-text-font-family );\">\u00a0<\/span><\/p><p class=\"MsoNormal\" style=\"text-align: justify; text-justify: inter-ideograph;\"><span style=\"font-size: 11.0pt; color: windowtext;\">Sin embargo, no podr\u00edamos sacar adelante este trabajo sin vuestra colaboraci\u00f3n, y es por ello que os escribimos. Para realizar esta encuesta, primero necesitamos identificar los colectivos, movimientos sociales e iniciativas vigentes; luego, haremos la encuesta a parte de estos colectivos o iniciativas. Entonces, \u00bfqu\u00e9 necesitamos? Que rellen\u00e9is el formulario que os enviaremos si acced\u00e9is a participar, donde se os pedir\u00e1:<\/span><span style=\"color: windowtext; font-size: 11pt; font-family: var( --e-global-typography-text-font-family );\">\u00a0<\/span><\/p><p class=\"MsoListParagraphCxSpFirst\" style=\"margin-left: 53.45pt; mso-add-space: auto; text-align: justify; text-justify: inter-ideograph; text-indent: -18.0pt; mso-list: l0 level1 lfo1;\"><span style=\"font-size: 11.0pt; mso-fareast-font-family: 'Liberation Serif'; mso-bidi-font-family: 'Liberation Serif'; color: windowtext;\">1.<span style=\"font-style: normal; font-variant-numeric: normal; font-variant-east-asian: normal; font-weight: normal; font-stretch: normal; font-size: 7pt; line-height: normal; font-family: 'Times New Roman';\">\u00a0 \u00a0\u00a0<\/span><\/span><span style=\"font-size: 11.0pt; color: windowtext;\">Algunas informaciones b\u00e1sicas sobre vuestro colectivo o iniciativa.<\/span><\/p><p class=\"MsoListParagraphCxSpLast\" style=\"margin-left: 53.45pt; mso-add-space: auto; text-align: justify; text-justify: inter-ideograph; text-indent: -18.0pt; mso-list: l0 level1 lfo1;\"><span style=\"font-size: 11.0pt; mso-fareast-font-family: 'Liberation Serif'; mso-bidi-font-family: 'Liberation Serif'; color: windowtext;\">2. <\/span><span style=\"font-size: 11.0pt; color: windowtext;\">La referencia de los grupos\/colectivos\/iniciativas* con los que hab\u00e9is estado en contacto o trabajado conjuntamente en los \u00faltimos dos a\u00f1os. Nosotras escribiremos a estos grupos\/colectivos\/iniciativas solicit\u00e1ndoles la misma informaci\u00f3n que os pedimos ahora a vosotras. Para ello, y en la medida de lo posible, os agradecer\u00edamos que nos facilitarais el contacto de esos grupos o iniciativas (preferiblemente del grupo o colectivo en s\u00ed, y no contactos personales de sus miembros).<\/span><span style=\"color: windowtext; font-size: 11pt; font-family: var( --e-global-typography-text-font-family );\">\u00a0<\/span><\/p><p class=\"MsoNormal\" style=\"text-align: justify; text-justify: inter-ideograph;\"><span style=\"font-size: 11.0pt; color: windowtext;\">Por nuestra parte, nos comprometemos a garantizar la confidencialidad de las informaciones que nos facilit\u00e9is; tomamos y vamos a tomar las medidas necesarias para ello. Por otro lado, nuestro trabajo es p\u00fablico y queremos que aporte resultados interesantes y \u00fatiles para todos los movimientos, as\u00ed que merece el esfuerzo, creemos. En cualquier caso, queremos dejar claro que vuestra colaboraci\u00f3n es totalmente voluntaria, y entenderemos perfectamente que no quer\u00e1is responder a las preguntas que os hacemos llegar.<\/span><span style=\"color: windowtext; font-size: 11pt; font-family: var( --e-global-typography-text-font-family );\">\u00a0<\/span><\/p><p class=\"MsoNormal\" style=\"text-align: justify; text-justify: inter-ideograph;\"><span style=\"font-size: 11.0pt; color: windowtext;\">* En esta investigaci\u00f3n, estamos trabajando con este tipo de grupos\/colectivos\/iniciativas: <\/span><span style=\"font-size: 11pt;\">aquellos grupos\/colectivos\/iniciativas que trabajan en el marco de los movimientos sociales o la sociedad civil y que tienen por objetivo impulsar la transformaci\u00f3n social.<\/span><span style=\"color: windowtext; font-size: 11pt; font-family: var( --e-global-typography-text-font-family );\">\u00a0<\/span><\/p><p class=\"MsoNormal\" style=\"text-align: justify; text-justify: inter-ideograph;\"><span style=\"font-size: 11.0pt; color: windowtext;\">Para cualquier cuesti\u00f3n o duda vinculada con el cuestionario, no dud\u00e9is en escribirnos a la siguiente direcci\u00f3n de correo: <span class=\"MsoHyperlink\"><b><span style=\"color: windowtext;\"><a href=\"mailto:eramirez@aztiker.eus\"><span style=\"color: windowtext;\">eramirez@aztiker.eus<\/span><\/a><\/span><\/b><\/span><span class=\"MsoHyperlink\"><b><span style=\"color: windowtext;\">;<\/span><\/b><\/span> para cualquier duda general sobre el proyecto: <b>aliantzak.hefa@ehu.eus<\/b><\/span><\/p><p class=\"MsoNormal\" style=\"text-align: justify; text-justify: inter-ideograph;\"><span style=\"font-size: 11.0pt; color: windowtext;\">\u00a0<\/span><\/p><p class=\"MsoNormal\" style=\"text-align: justify; text-justify: inter-ideograph;\"><span style=\"font-size: 11.0pt;\">Eskerriko asko,<\/span><span style=\"color: #00000a;\">\u00a0<\/span><\/p><\/div>\t\t\t\t\t\t\t\t<\/div>\n\t\t\t\t<\/div>\n\t\t\t\t\t<\/div>\n\t\t<\/div>\n\t\t\t\t\t<\/div>\n\t\t<\/section>\n\t\t\t\t<section class=\"elementor-section elementor-top-section elementor-element elementor-element-a500763 elementor-section-boxed elementor-section-height-default elementor-section-height-default\" data-id=\"a500763\" data-element_type=\"section\">\n\t\t\t\t\t\t<div class=\"elementor-container elementor-column-gap-default\">\n\t\t\t\t\t<div class=\"elementor-column elementor-col-100 elementor-top-column elementor-element elementor-element-2d62da9\" data-id=\"2d62da9\" data-element_type=\"column\">\n\t\t\t<div class=\"elementor-widget-wrap elementor-element-populated\">\n\t\t\t\t\t\t<section class=\"elementor-section elementor-inner-section elementor-element elementor-element-914d963 elementor-section-boxed elementor-section-height-default elementor-section-height-default\" data-id=\"914d963\" data-element_type=\"section\">\n\t\t\t\t\t\t<div class=\"elementor-container elementor-column-gap-default\">\n\t\t\t\t\t<div class=\"elementor-column elementor-col-33 elementor-inner-column elementor-element elementor-element-20f8853\" data-id=\"20f8853\" data-element_type=\"column\">\n\t\t\t<div class=\"elementor-widget-wrap elementor-element-populated\">\n\t\t\t\t\t\t<div class=\"elementor-element elementor-element-e32f915 elementor-widget elementor-widget-text-editor\" data-id=\"e32f915\" data-element_type=\"widget\" data-widget_type=\"text-editor.default\">\n\t\t\t\t<div class=\"elementor-widget-container\">\n\t\t\t\t\t\t\t\t\t<p><strong>Mari Luz Esteban &#8211; AFIT Ikerketa Taldea<\/strong><\/p>\t\t\t\t\t\t\t\t<\/div>\n\t\t\t\t<\/div>\n\t\t\t\t<div class=\"elementor-element elementor-element-2c6a7b2 elementor-widget elementor-widget-image\" data-id=\"2c6a7b2\" data-element_type=\"widget\" data-widget_type=\"image.default\">\n\t\t\t\t<div class=\"elementor-widget-container\">\n\t\t\t\t\t\t\t\t\t\t\t\t\t\t\t<img decoding=\"async\" width=\"640\" height=\"156\" src=\"https:\/\/www.aztiker.eus\/wp-content\/uploads\/2021\/02\/Afit-irudia-1.png\" class=\"attachment-large size-large wp-image-1539\" alt=\"\" srcset=\"https:\/\/www.aztiker.eus\/wp-content\/uploads\/2021\/02\/Afit-irudia-1.png 912w, https:\/\/www.aztiker.eus\/wp-content\/uploads\/2021\/02\/Afit-irudia-1-600x147.png 600w, https:\/\/www.aztiker.eus\/wp-content\/uploads\/2021\/02\/Afit-irudia-1-768x188.png 768w\" sizes=\"(max-width: 640px) 100vw, 640px\" \/>\t\t\t\t\t\t\t\t\t\t\t\t\t\t\t<\/div>\n\t\t\t\t<\/div>\n\t\t\t\t<div class=\"elementor-element elementor-element-6eb0845 elementor-widget elementor-widget-text-editor\" data-id=\"6eb0845\" data-element_type=\"widget\" data-widget_type=\"text-editor.default\">\n\t\t\t\t<div class=\"elementor-widget-container\">\n\t\t\t\t\t\t\t\t\t<p><strong>Julen Zabalo &#8211; Parte Hartuz Ikerketa Taldea<\/strong><\/p>\t\t\t\t\t\t\t\t<\/div>\n\t\t\t\t<\/div>\n\t\t\t\t<div class=\"elementor-element elementor-element-667ba9c elementor-widget elementor-widget-image\" data-id=\"667ba9c\" data-element_type=\"widget\" data-widget_type=\"image.default\">\n\t\t\t\t<div class=\"elementor-widget-container\">\n\t\t\t\t\t\t\t\t\t\t\t\t\t\t\t<img decoding=\"async\" width=\"321\" height=\"163\" src=\"https:\/\/www.aztiker.eus\/wp-content\/uploads\/2021\/02\/Parte-Hartuz-irudia-1.png\" class=\"attachment-large size-large wp-image-1556\" alt=\"\" \/>\t\t\t\t\t\t\t\t\t\t\t\t\t\t\t<\/div>\n\t\t\t\t<\/div>\n\t\t\t\t\t<\/div>\n\t\t<\/div>\n\t\t\t\t<div class=\"elementor-column elementor-col-33 elementor-inner-column elementor-element elementor-element-180c113\" data-id=\"180c113\" data-element_type=\"column\">\n\t\t\t<div class=\"elementor-widget-wrap\">\n\t\t\t\t\t\t\t<\/div>\n\t\t<\/div>\n\t\t\t\t<div class=\"elementor-column elementor-col-33 elementor-inner-column elementor-element elementor-element-a359842\" data-id=\"a359842\" data-element_type=\"column\">\n\t\t\t<div class=\"elementor-widget-wrap elementor-element-populated\">\n\t\t\t\t\t\t<div class=\"elementor-element elementor-element-4fe87d6 elementor-widget elementor-widget-text-editor\" data-id=\"4fe87d6\" data-element_type=\"widget\" data-widget_type=\"text-editor.default\">\n\t\t\t\t<div class=\"elementor-widget-container\">\n\t\t\t\t\t\t\t\t\t<p><strong>I\u00f1aki Barcena &#8211; EKOPOL Ikerketa Taldea<\/strong><\/p>\t\t\t\t\t\t\t\t<\/div>\n\t\t\t\t<\/div>\n\t\t\t\t<div class=\"elementor-element elementor-element-c915762 elementor-widget elementor-widget-image\" data-id=\"c915762\" data-element_type=\"widget\" data-widget_type=\"image.default\">\n\t\t\t\t<div class=\"elementor-widget-container\">\n\t\t\t\t\t\t\t\t\t\t\t\t\t\t\t<img loading=\"lazy\" decoding=\"async\" width=\"540\" height=\"117\" src=\"https:\/\/www.aztiker.eus\/wp-content\/uploads\/2021\/02\/EKOPOL-irudia-3.png\" class=\"attachment-large size-large wp-image-1554\" alt=\"\" \/>\t\t\t\t\t\t\t\t\t\t\t\t\t\t\t<\/div>\n\t\t\t\t<\/div>\n\t\t\t\t<div class=\"elementor-element elementor-element-c10d058 elementor-widget elementor-widget-text-editor\" data-id=\"c10d058\" data-element_type=\"widget\" data-widget_type=\"text-editor.default\">\n\t\t\t\t<div class=\"elementor-widget-container\">\n\t\t\t\t\t\t\t\t\t<p><strong>Josu Amezaga &#8211; NOR Ikerketa Taldea<\/strong><\/p>\t\t\t\t\t\t\t\t<\/div>\n\t\t\t\t<\/div>\n\t\t\t\t<div class=\"elementor-element elementor-element-7054584 elementor-widget elementor-widget-image\" data-id=\"7054584\" data-element_type=\"widget\" data-widget_type=\"image.default\">\n\t\t\t\t<div class=\"elementor-widget-container\">\n\t\t\t\t\t\t\t\t\t\t\t\t\t\t\t<img loading=\"lazy\" decoding=\"async\" width=\"569\" height=\"90\" src=\"https:\/\/www.aztiker.eus\/wp-content\/uploads\/2021\/02\/NOR-irudia-1.png\" class=\"attachment-large size-large wp-image-1552\" alt=\"\" \/>\t\t\t\t\t\t\t\t\t\t\t\t\t\t\t<\/div>\n\t\t\t\t<\/div>\n\t\t\t\t\t<\/div>\n\t\t<\/div>\n\t\t\t\t\t<\/div>\n\t\t<\/section>\n\t\t\t\t\t<\/div>\n\t\t<\/div>\n\t\t\t\t\t<\/div>\n\t\t<\/section>\n\t\t\t\t<\/div>\n\t\t","protected":false},"excerpt":{"rendered":"<p>En Donostia, Febrero de 2021 Hola,&nbsp; Las alianzas y din\u00e1micas que se est\u00e1n desarrollando en los \u00faltimos a\u00f1os en el marco de la sociedad civil y los movimientos sociales est\u00e1n dando lugar a experiencias interesantes que nos sit\u00faan, a su vez, en nuevos escenarios. Varios grupos de investigaci\u00f3n de la UPV\/EHU llevamos algunos a\u00f1os trabajando &hellip;<\/p>\n<p class=\"read-more\"> <a class=\"\" href=\"https:\/\/www.aztiker.eus\/es\/1546-2\/\"> <span class=\"screen-reader-text\">Elementor #1546<\/span>Read More &raquo;<\/a><\/p>\n","protected":false},"author":2,"featured_media":0,"parent":0,"menu_order":0,"comment_status":"closed","ping_status":"closed","template":"","meta":{"footnotes":""},"class_list":["post-1546","page","type-page","status-publish","hentry"],"yoast_head":"<!-- This site is optimized with the Yoast SEO plugin v26.0 - https:\/\/yoast.com\/wordpress\/plugins\/seo\/ -->\n<title>Elementor #1546 - Aztiker<\/title>\n<meta name=\"robots\" content=\"index, follow, max-snippet:-1, max-image-preview:large, max-video-preview:-1\" \/>\n<link rel=\"canonical\" href=\"https:\/\/www.aztiker.eus\/es\/1546-2\/\" \/>\n<meta property=\"og:locale\" content=\"es_ES\" \/>\n<meta property=\"og:type\" content=\"article\" \/>\n<meta property=\"og:title\" content=\"Elementor #1546 - Aztiker\" \/>\n<meta property=\"og:description\" content=\"En Donostia, Febrero de 2021 Hola,&nbsp; Las alianzas y din\u00e1micas que se est\u00e1n desarrollando en los \u00faltimos a\u00f1os en el marco de la sociedad civil y los movimientos sociales est\u00e1n dando lugar a experiencias interesantes que nos sit\u00faan, a su vez, en nuevos escenarios. Varios grupos de investigaci\u00f3n de la UPV\/EHU llevamos algunos a\u00f1os trabajando &hellip; Elementor #1546Read More &raquo;\" \/>\n<meta property=\"og:url\" content=\"https:\/\/www.aztiker.eus\/es\/1546-2\/\" \/>\n<meta property=\"og:site_name\" content=\"Aztiker\" \/>\n<meta property=\"article:modified_time\" content=\"2021-03-15T12:10:22+00:00\" \/>\n<meta property=\"og:image\" content=\"https:\/\/aztiker.eus\/wp-content\/uploads\/2021\/03\/ehu-upv-2.jpg\" \/>\n<meta name=\"twitter:card\" content=\"summary_large_image\" \/>\n<meta name=\"twitter:label1\" content=\"Tiempo de lectura\" \/>\n\t<meta name=\"twitter:data1\" content=\"3 minutos\" \/>\n<script type=\"application\/ld+json\" class=\"yoast-schema-graph\">{\"@context\":\"https:\/\/schema.org\",\"@graph\":[{\"@type\":\"WebPage\",\"@id\":\"https:\/\/www.aztiker.eus\/es\/1546-2\/\",\"url\":\"https:\/\/www.aztiker.eus\/es\/1546-2\/\",\"name\":\"Elementor #1546 - Aztiker\",\"isPartOf\":{\"@id\":\"https:\/\/www.aztiker.eus\/es\/#website\"},\"primaryImageOfPage\":{\"@id\":\"https:\/\/www.aztiker.eus\/es\/1546-2\/#primaryimage\"},\"image\":{\"@id\":\"https:\/\/www.aztiker.eus\/es\/1546-2\/#primaryimage\"},\"thumbnailUrl\":\"https:\/\/aztiker.eus\/wp-content\/uploads\/2021\/03\/ehu-upv-2.jpg\",\"datePublished\":\"2021-02-25T10:17:30+00:00\",\"dateModified\":\"2021-03-15T12:10:22+00:00\",\"breadcrumb\":{\"@id\":\"https:\/\/www.aztiker.eus\/es\/1546-2\/#breadcrumb\"},\"inLanguage\":\"es\",\"potentialAction\":[{\"@type\":\"ReadAction\",\"target\":[\"https:\/\/www.aztiker.eus\/es\/1546-2\/\"]}]},{\"@type\":\"ImageObject\",\"inLanguage\":\"es\",\"@id\":\"https:\/\/www.aztiker.eus\/es\/1546-2\/#primaryimage\",\"url\":\"https:\/\/aztiker.eus\/wp-content\/uploads\/2021\/03\/ehu-upv-2.jpg\",\"contentUrl\":\"https:\/\/aztiker.eus\/wp-content\/uploads\/2021\/03\/ehu-upv-2.jpg\"},{\"@type\":\"BreadcrumbList\",\"@id\":\"https:\/\/www.aztiker.eus\/es\/1546-2\/#breadcrumb\",\"itemListElement\":[{\"@type\":\"ListItem\",\"position\":1,\"name\":\"Home\",\"item\":\"https:\/\/www.aztiker.eus\/es\/\"},{\"@type\":\"ListItem\",\"position\":2,\"name\":\"Elementor #1546\"}]},{\"@type\":\"WebSite\",\"@id\":\"https:\/\/www.aztiker.eus\/es\/#website\",\"url\":\"https:\/\/www.aztiker.eus\/es\/\",\"name\":\"Aztiker\",\"description\":\"Soziologia Ikergunea\",\"publisher\":{\"@id\":\"https:\/\/www.aztiker.eus\/es\/#organization\"},\"potentialAction\":[{\"@type\":\"SearchAction\",\"target\":{\"@type\":\"EntryPoint\",\"urlTemplate\":\"https:\/\/www.aztiker.eus\/es\/?s={search_term_string}\"},\"query-input\":{\"@type\":\"PropertyValueSpecification\",\"valueRequired\":true,\"valueName\":\"search_term_string\"}}],\"inLanguage\":\"es\"},{\"@type\":\"Organization\",\"@id\":\"https:\/\/www.aztiker.eus\/es\/#organization\",\"name\":\"Aztiker\",\"url\":\"https:\/\/www.aztiker.eus\/es\/\",\"logo\":{\"@type\":\"ImageObject\",\"inLanguage\":\"es\",\"@id\":\"https:\/\/www.aztiker.eus\/es\/#\/schema\/logo\/image\/\",\"url\":\"https:\/\/www.aztiker.eus\/wp-content\/uploads\/2019\/05\/cropped-ikonoa3.png\",\"contentUrl\":\"https:\/\/www.aztiker.eus\/wp-content\/uploads\/2019\/05\/cropped-ikonoa3.png\",\"width\":1406,\"height\":1407,\"caption\":\"Aztiker\"},\"image\":{\"@id\":\"https:\/\/www.aztiker.eus\/es\/#\/schema\/logo\/image\/\"}}]}<\/script>\n<!-- \/ Yoast SEO plugin. -->","yoast_head_json":{"title":"Elementor #1546 - Aztiker","robots":{"index":"index","follow":"follow","max-snippet":"max-snippet:-1","max-image-preview":"max-image-preview:large","max-video-preview":"max-video-preview:-1"},"canonical":"https:\/\/www.aztiker.eus\/es\/1546-2\/","og_locale":"es_ES","og_type":"article","og_title":"Elementor #1546 - Aztiker","og_description":"En Donostia, Febrero de 2021 Hola,&nbsp; Las alianzas y din\u00e1micas que se est\u00e1n desarrollando en los \u00faltimos a\u00f1os en el marco de la sociedad civil y los movimientos sociales est\u00e1n dando lugar a experiencias interesantes que nos sit\u00faan, a su vez, en nuevos escenarios. Varios grupos de investigaci\u00f3n de la UPV\/EHU llevamos algunos a\u00f1os trabajando &hellip; Elementor #1546Read More &raquo;","og_url":"https:\/\/www.aztiker.eus\/es\/1546-2\/","og_site_name":"Aztiker","article_modified_time":"2021-03-15T12:10:22+00:00","og_image":[{"url":"https:\/\/aztiker.eus\/wp-content\/uploads\/2021\/03\/ehu-upv-2.jpg","type":"","width":"","height":""}],"twitter_card":"summary_large_image","twitter_misc":{"Tiempo de lectura":"3 minutos"},"schema":{"@context":"https:\/\/schema.org","@graph":[{"@type":"WebPage","@id":"https:\/\/www.aztiker.eus\/es\/1546-2\/","url":"https:\/\/www.aztiker.eus\/es\/1546-2\/","name":"Elementor #1546 - Aztiker","isPartOf":{"@id":"https:\/\/www.aztiker.eus\/es\/#website"},"primaryImageOfPage":{"@id":"https:\/\/www.aztiker.eus\/es\/1546-2\/#primaryimage"},"image":{"@id":"https:\/\/www.aztiker.eus\/es\/1546-2\/#primaryimage"},"thumbnailUrl":"https:\/\/aztiker.eus\/wp-content\/uploads\/2021\/03\/ehu-upv-2.jpg","datePublished":"2021-02-25T10:17:30+00:00","dateModified":"2021-03-15T12:10:22+00:00","breadcrumb":{"@id":"https:\/\/www.aztiker.eus\/es\/1546-2\/#breadcrumb"},"inLanguage":"es","potentialAction":[{"@type":"ReadAction","target":["https:\/\/www.aztiker.eus\/es\/1546-2\/"]}]},{"@type":"ImageObject","inLanguage":"es","@id":"https:\/\/www.aztiker.eus\/es\/1546-2\/#primaryimage","url":"https:\/\/aztiker.eus\/wp-content\/uploads\/2021\/03\/ehu-upv-2.jpg","contentUrl":"https:\/\/aztiker.eus\/wp-content\/uploads\/2021\/03\/ehu-upv-2.jpg"},{"@type":"BreadcrumbList","@id":"https:\/\/www.aztiker.eus\/es\/1546-2\/#breadcrumb","itemListElement":[{"@type":"ListItem","position":1,"name":"Home","item":"https:\/\/www.aztiker.eus\/es\/"},{"@type":"ListItem","position":2,"name":"Elementor #1546"}]},{"@type":"WebSite","@id":"https:\/\/www.aztiker.eus\/es\/#website","url":"https:\/\/www.aztiker.eus\/es\/","name":"Aztiker","description":"Soziologia Ikergunea","publisher":{"@id":"https:\/\/www.aztiker.eus\/es\/#organization"},"potentialAction":[{"@type":"SearchAction","target":{"@type":"EntryPoint","urlTemplate":"https:\/\/www.aztiker.eus\/es\/?s={search_term_string}"},"query-input":{"@type":"PropertyValueSpecification","valueRequired":true,"valueName":"search_term_string"}}],"inLanguage":"es"},{"@type":"Organization","@id":"https:\/\/www.aztiker.eus\/es\/#organization","name":"Aztiker","url":"https:\/\/www.aztiker.eus\/es\/","logo":{"@type":"ImageObject","inLanguage":"es","@id":"https:\/\/www.aztiker.eus\/es\/#\/schema\/logo\/image\/","url":"https:\/\/www.aztiker.eus\/wp-content\/uploads\/2019\/05\/cropped-ikonoa3.png","contentUrl":"https:\/\/www.aztiker.eus\/wp-content\/uploads\/2019\/05\/cropped-ikonoa3.png","width":1406,"height":1407,"caption":"Aztiker"},"image":{"@id":"https:\/\/www.aztiker.eus\/es\/#\/schema\/logo\/image\/"}}]}},"_links":{"self":[{"href":"https:\/\/www.aztiker.eus\/es\/wp-json\/wp\/v2\/pages\/1546","targetHints":{"allow":["GET"]}}],"collection":[{"href":"https:\/\/www.aztiker.eus\/es\/wp-json\/wp\/v2\/pages"}],"about":[{"href":"https:\/\/www.aztiker.eus\/es\/wp-json\/wp\/v2\/types\/page"}],"author":[{"embeddable":true,"href":"https:\/\/www.aztiker.eus\/es\/wp-json\/wp\/v2\/users\/2"}],"replies":[{"embeddable":true,"href":"https:\/\/www.aztiker.eus\/es\/wp-json\/wp\/v2\/comments?post=1546"}],"version-history":[{"count":13,"href":"https:\/\/www.aztiker.eus\/es\/wp-json\/wp\/v2\/pages\/1546\/revisions"}],"predecessor-version":[{"id":1626,"href":"https:\/\/www.aztiker.eus\/es\/wp-json\/wp\/v2\/pages\/1546\/revisions\/1626"}],"wp:attachment":[{"href":"https:\/\/www.aztiker.eus\/es\/wp-json\/wp\/v2\/media?parent=1546"}],"curies":[{"name":"wp","href":"https:\/\/api.w.org\/{rel}","templated":true}]}}