{"id":1411,"date":"2019-09-04T08:40:11","date_gmt":"2019-09-04T06:40:11","guid":{"rendered":"https:\/\/aztiker.eus\/?page_id=1411"},"modified":"2020-01-27T12:14:37","modified_gmt":"2020-01-27T11:14:37","slug":"politica-de-privacidad","status":"publish","type":"page","link":"https:\/\/www.aztiker.eus\/es\/politica-de-privacidad\/","title":{"rendered":"Pol\u00edtica de Privacidad"},"content":{"rendered":"\t\t<div data-elementor-type=\"wp-post\" data-elementor-id=\"1411\" class=\"elementor elementor-1411 elementor-128\">\n\t\t\t\t\t\t<section class=\"elementor-section elementor-top-section elementor-element elementor-element-d6862b2 elementor-section-boxed elementor-section-height-default elementor-section-height-default\" data-id=\"d6862b2\" data-element_type=\"section\">\n\t\t\t\t\t\t<div class=\"elementor-container elementor-column-gap-default\">\n\t\t\t\t\t<div class=\"elementor-column elementor-col-33 elementor-top-column elementor-element elementor-element-cd5f4fd\" data-id=\"cd5f4fd\" data-element_type=\"column\">\n\t\t\t<div class=\"elementor-widget-wrap\">\n\t\t\t\t\t\t\t<\/div>\n\t\t<\/div>\n\t\t\t\t<div class=\"elementor-column elementor-col-33 elementor-top-column elementor-element elementor-element-5a8c2e7\" data-id=\"5a8c2e7\" data-element_type=\"column\">\n\t\t\t<div class=\"elementor-widget-wrap elementor-element-populated\">\n\t\t\t\t\t\t<div class=\"elementor-element elementor-element-486df4c elementor-widget elementor-widget-heading\" data-id=\"486df4c\" data-element_type=\"widget\" data-widget_type=\"heading.default\">\n\t\t\t\t<div class=\"elementor-widget-container\">\n\t\t\t\t\t<h2 class=\"elementor-heading-title elementor-size-default\">Pol\u00edtica de Privacidad\n<\/h2>\t\t\t\t<\/div>\n\t\t\t\t<\/div>\n\t\t\t\t\t<\/div>\n\t\t<\/div>\n\t\t\t\t<div class=\"elementor-column elementor-col-33 elementor-top-column elementor-element elementor-element-1a638b1\" data-id=\"1a638b1\" data-element_type=\"column\">\n\t\t\t<div class=\"elementor-widget-wrap\">\n\t\t\t\t\t\t\t<\/div>\n\t\t<\/div>\n\t\t\t\t\t<\/div>\n\t\t<\/section>\n\t\t\t\t<section class=\"elementor-section elementor-top-section elementor-element elementor-element-7d4c3af2 elementor-section-boxed elementor-section-height-default elementor-section-height-default\" data-id=\"7d4c3af2\" data-element_type=\"section\">\n\t\t\t\t\t\t<div class=\"elementor-container elementor-column-gap-default\">\n\t\t\t\t\t<div class=\"elementor-column elementor-col-100 elementor-top-column elementor-element elementor-element-2e3ecf47\" data-id=\"2e3ecf47\" data-element_type=\"column\">\n\t\t\t<div class=\"elementor-widget-wrap elementor-element-populated\">\n\t\t\t\t\t\t<div class=\"elementor-element elementor-element-4df5cb2c elementor-widget elementor-widget-text-editor\" data-id=\"4df5cb2c\" data-element_type=\"widget\" data-widget_type=\"text-editor.default\">\n\t\t\t\t<div class=\"elementor-widget-container\">\n\t\t\t\t\t\t\t\t\t<h3>1. Introducci\u00f3n<\/h3><p>En cumplimiento de la normativa sobre Protecci\u00f3n de Datos Personales, se informa a los usuarios\u00a0que\u00a0los\u00a0datos personales que faciliten mediante\u00a0correo electr\u00f3nico, enviados a trav\u00e9s de formularios o por cualquier otro medio ubicado en este sitio web\u00a0ser\u00e1n incorporados a sistemas de tratamiento de datos\u00a0de\u00a0Aztiker, Koop. E. Txikia, Responsable del Tratamiento, con la finalidad de atender a las consultas y solicitudes recibidas, contactar con usted, gestionar los servicios solicitados, las relaciones comerciales y las funciones e intereses leg\u00edtimos propios de su actividad, as\u00ed como para el env\u00edo de comunicaciones informativas y comerciales que pudieran ser de su inter\u00e9s.<\/p><p>Los datos descritos\u00a0pueden ser conservados sin limitaci\u00f3n en el tiempo para las finalidades descritas en esta Pol\u00edtica de Privacidad, a no ser que usted indique lo contrario. Las bases jur\u00eddicas del tratamiento son, en los t\u00e9rminos establecidos por la normativa sobre protecci\u00f3n de datos, su consentimiento para el tratamiento de los datos, la necesidad del tratamiento de sus datos para la ejecuci\u00f3n de los servicios solicitados por usted, el cumplimiento de obligaciones legales por parte del Responsable del Tratamiento y\/o el inter\u00e9s leg\u00edtimo del Responsable del Tratamiento.<\/p><p>El tratamiento de sus datos personales se realizar\u00e1 de manera confidencial.\u00a0Aztiker, Koop. E. Txikia est\u00e1 comprometida con la privacidad y la protecci\u00f3n de los datos personales de los usuarios y utiliza sus recursos para garantizar la seguridad y privacidad de los interesados.<\/p><h3>2. Recogida de datos personales<\/h3><p>El acceso a este sitio web no implica la obligaci\u00f3n de facilitar datos personales. No obstante, algunos de los servicios ofrecidos, como el apartado de contacto, requieren que el usuario facilite una serie de datos personales.\u00a0El usuario aporta sus datos personales de forma libre y voluntaria,\u00a0se compromete a aportar datos veraces, exactos y completos, tanto en el momento inicial como en posteriores comunicaciones, y se hace responsable de comunicar cualquier modificaci\u00f3n en los mismos.<\/p><p>Queda prohibido el uso de datos personales de terceros, con intenci\u00f3n de suplantar la identidad de personas o entidades. El usuario es el \u00fanico responsable de la veracidad y correcci\u00f3n de los datos incluidos, exonerando a\u00a0Aztiker, Koop. E. Txikia\u00a0de cualquier responsabilidad al respecto.<\/p><p>Aztiker, Koop. E. Txikia no pedir\u00e1 datos personales a usuarios menores de edad. Si el usuario menor de edad enviase datos personales significar\u00eda que ha sido previa aprobaci\u00f3n de los padres o tutores legales. Si Aztiker, Koop. E. Txikia ofreciese servicios dirigidos a personas menores de edad, pedir\u00e1 a sus padres o tutores legales la autorizaci\u00f3n y aceptaci\u00f3n para el tratamiento de datos.<\/p><p>La participaci\u00f3n en eventos organizados por Aztiker, Koop. E. Txikia significa que los interesados aceptan el uso y reproducci\u00f3n de sus im\u00e1genes y audios, y que la empresa podr\u00e1 difundirlos mediante diferentes medios de comunicaci\u00f3n (tanto en papel como por medios electr\u00f3nicos).<\/p><p>La no cumplimentaci\u00f3n o cumplimentaci\u00f3n err\u00f3nea de campos indicados como obligatorios, que aparecen en los formularios de contacto u otros, podr\u00e1 tener como consecuencia que el Responsable del Tratamiento no pueda atender la solicitud del usuario.<\/p><h3>3. Derechos de los interesados<\/h3><p>Puede ejercer los derechos de acceso, rectificaci\u00f3n, supresi\u00f3n, limitaci\u00f3n al tratamiento, portabilidad y oposici\u00f3n, as\u00ed como retirar su consentimiento o realizar cualquier otra solicitud sobre esta materia\u00a0dirigi\u00e9ndose\u00a0por escrito al Responsable del Tratamiento, Aztiker, Koop. E. Txikia, en\u00a0Martin Ugalde Kultur Parkea,\u00a020140 Andoain\u00a0(Gipuzkoa), tef. 943 595 006, o bien a trav\u00e9s de la direcci\u00f3n de correo electr\u00f3nico <a href=\"mailto:idazkaritza@aztiker.eus\">idazkaritza@aztiker.eus<\/a>.<\/p><p>La solicitud deber\u00e1 llevar adjunta copia de documento de acreditativo de la identidad del solicitante (DNI o similares). En caso de realizar la solicitud en su condici\u00f3n de representante legal, deber\u00e1 adjuntar, adem\u00e1s de la copia de documento de acreditativo de la identidad del solicitante, un documento acreditativo de tal representaci\u00f3n.\u00a0<\/p><p>La autoridad de control a la que usted puede dirigirse en caso de no estar de acuerdo con la resoluci\u00f3n de las solicitudes o para presentar una reclamaci\u00f3n es la Agencia de Protecci\u00f3n de Datos (www.aepd.es).<\/p><h3>4. Delagado de protecci\u00f3n de datos (DPO)<\/h3><p>En cumplimiento con lo establecido en la normativa sobre Protecci\u00f3n de Datos Personales, con especial referencia al Reglamento UE 2016\/679 del Parlamento Europeo y del Consejo de 27 de abril de 2016 relativo a la protecci\u00f3n de las personas f\u00edsicas en lo que respecta al tratamiento de datos personales y a la libre circulaci\u00f3n de estos datos (\u201cRGPD\u201d) y a la Ley Org\u00e1nica 3\/2018, de 5 de diciembre, de Protecci\u00f3n de Datos Personales y garant\u00eda de los derechos digitales (\u201cLOPD\u201d), Aztiker, Koop. E. Txikia informa que ha designado un Delegado de Protecci\u00f3n de Datos y pone a disposici\u00f3n de todas las personas interesadas sus datos de contacto:<\/p><p>Entidad: DPO BIDE, S.L.<\/p><p>Direcci\u00f3n: Plaza Azkoitia, 5, 2.D &#8211; 20011 Donostia \/ San Sebasti\u00e1n (Gipuzkoa)<\/p><p>Tel\u00e9fono: +34 943453588<\/p><p>Correo electr\u00f3nico: info@dpobide.com<\/p><h3>5. Medidas de seguridad<\/h3><p align=\"JUSTIFY\"><span style=\"font-family: Arial, sans-serif;\"><span lang=\"es-ES\">Aztiker, Koop. E. Txikia\u00a0tratar\u00e1 los datos personales\u00a0contenidos en sus sistemas de tratamiento de datos\u00a0adoptando las medidas de \u00edndole t\u00e9cnica y organizativa que sean necesarias para garantizar su seguridad y evitar su alteraci\u00f3n, p\u00e9rdida, tratamiento o acceso no autorizado, habida cuenta del estado de la tecnolog\u00eda, la naturaleza de los datos almacenados y los riesgos a que est\u00e1n expuestos, ya provengan de la acci\u00f3n humana o del medio f\u00edsico o natural, de acuerdo con la legislaci\u00f3n vigente que resulte de aplicaci\u00f3n en materia de medidas de seguridad de los tratamientos de datos personales. Sin embargo, los usuarios son informados de que las medidas de seguridad inform\u00e1tica no son inexpugnables y\u00a0no se est\u00e1 a salvo de posibles intromisiones ilegales e indebidas, que no ser\u00edan responsabilidad de\u00a0Aztiker, Koop. E. Txikia.<\/span><\/span><\/p><p align=\"JUSTIFY\">\u00a0<\/p><h3>5. Datos de tr\u00e1fico<\/h3><p>Con la finalidad de ofrecer un mejor servicio a trav\u00e9s de este sitio web, se puede registrar la direcci\u00f3n IP y otras caracter\u00edsticas del dispositivo de la persona usuaria, permiti\u00e9ndose as\u00ed el posterior procesamiento de los datos con el fin de analizar entre otros el n\u00famero de p\u00e1ginas visitadas, el n\u00famero de visitas, as\u00ed como la actividad de los visitantes\/usuarios del sitio web, y su frecuencia de utilizaci\u00f3n.<\/p><p>La persona usuaria queda informada del registro de la IP de su dispositivo durante la conexi\u00f3n y navegaci\u00f3n en el sitio web, sin que sea necesario solicitarlo cada vez que acceda a este sitio web.<\/p><p>Con la finalidad ya mencionada, este sitio est\u00e1 siendo medido y analizado con Google Analytics y\/o herramientas similares, que pueden utilizar marcas en las p\u00e1ginas y cookies para analizar lo que sucede en las diferentes p\u00e1ginas del sitio web de\u00a0Aztiker, Koop.E.Txikia.<\/p><p>\u00a0<\/p><h3>6. Vigencia<\/h3><p>Aztiker, Koop. E. Txikia se reserva el derecho de modificar su pol\u00edtica de privacidad de acuerdo a su criterio, a cambios legislativos o jurisprudenciales. Si el Responsable del Tratamiento introdujera alguna modificaci\u00f3n, el nuevo texto ser\u00e1 publicado en este mismo sitio web, donde el usuario podr\u00e1 tener conocimiento de la misma. En cualquier caso, la relaci\u00f3n con los usuarios se regir\u00e1 por las normas previstas en el momento preciso en que se accede al sitio web. Es por ello que el Responsable del Tratamiento le recomienda visitar esta pol\u00edtica de privacidad cada vez que se conecte al sitio web.<\/p><p>Aztiker, Koop. E. Txikia perseguir\u00e1 el incumplimiento de esta Pol\u00edtica de Privacidad, as\u00ed como cualquier utilizaci\u00f3n indebida de los contenidos presentados en este sitio web ejerciendo todas las acciones civiles y penales que le puedan corresponder en Derecho, incluyendo las de naturaleza econ\u00f3mica.<\/p><p>\u00a0<\/p>\t\t\t\t\t\t\t\t<\/div>\n\t\t\t\t<\/div>\n\t\t\t\t\t<\/div>\n\t\t<\/div>\n\t\t\t\t\t<\/div>\n\t\t<\/section>\n\t\t\t\t<\/div>\n\t\t","protected":false},"excerpt":{"rendered":"<p>Pol\u00edtica de Privacidad 1. Introducci\u00f3n En cumplimiento de la normativa sobre Protecci\u00f3n de Datos Personales, se informa a los usuarios\u00a0que\u00a0los\u00a0datos personales que faciliten mediante\u00a0correo electr\u00f3nico, enviados a trav\u00e9s de formularios o por cualquier otro medio ubicado en este sitio web\u00a0ser\u00e1n incorporados a sistemas de tratamiento de datos\u00a0de\u00a0Aztiker, Koop. E. Txikia, Responsable del Tratamiento, con la &hellip;<\/p>\n<p class=\"read-more\"> <a class=\"\" href=\"https:\/\/www.aztiker.eus\/es\/politica-de-privacidad\/\"> <span class=\"screen-reader-text\">Pol\u00edtica de Privacidad<\/span>Read More &raquo;<\/a><\/p>\n","protected":false},"author":1,"featured_media":0,"parent":0,"menu_order":0,"comment_status":"closed","ping_status":"closed","template":"elementor_header_footer","meta":{"footnotes":""},"class_list":["post-1411","page","type-page","status-publish","hentry"],"yoast_head":"<!-- This site is optimized with the Yoast SEO plugin v26.0 - https:\/\/yoast.com\/wordpress\/plugins\/seo\/ -->\n<title>Pol\u00edtica de Privacidad - Aztiker<\/title>\n<meta name=\"robots\" content=\"noindex, follow\" \/>\n<meta property=\"og:locale\" content=\"es_ES\" \/>\n<meta property=\"og:type\" content=\"article\" \/>\n<meta property=\"og:title\" content=\"Pol\u00edtica de Privacidad - Aztiker\" \/>\n<meta property=\"og:description\" content=\"Pol\u00edtica de Privacidad 1. Introducci\u00f3n En cumplimiento de la normativa sobre Protecci\u00f3n de Datos Personales, se informa a los usuarios\u00a0que\u00a0los\u00a0datos personales que faciliten mediante\u00a0correo electr\u00f3nico, enviados a trav\u00e9s de formularios o por cualquier otro medio ubicado en este sitio web\u00a0ser\u00e1n incorporados a sistemas de tratamiento de datos\u00a0de\u00a0Aztiker, Koop. E. Txikia, Responsable del Tratamiento, con la &hellip; Pol\u00edtica de PrivacidadRead More &raquo;\" \/>\n<meta property=\"og:url\" content=\"https:\/\/www.aztiker.eus\/es\/politica-de-privacidad\/\" \/>\n<meta property=\"og:site_name\" content=\"Aztiker\" \/>\n<meta property=\"article:modified_time\" content=\"2020-01-27T11:14:37+00:00\" \/>\n<meta name=\"twitter:card\" content=\"summary_large_image\" \/>\n<meta name=\"twitter:label1\" content=\"Tiempo de lectura\" \/>\n\t<meta name=\"twitter:data1\" content=\"7 minutos\" \/>\n<script type=\"application\/ld+json\" class=\"yoast-schema-graph\">{\"@context\":\"https:\/\/schema.org\",\"@graph\":[{\"@type\":\"WebPage\",\"@id\":\"https:\/\/www.aztiker.eus\/es\/politica-de-privacidad\/\",\"url\":\"https:\/\/www.aztiker.eus\/es\/politica-de-privacidad\/\",\"name\":\"Pol\u00edtica de Privacidad - Aztiker\",\"isPartOf\":{\"@id\":\"https:\/\/www.aztiker.eus\/es\/#website\"},\"datePublished\":\"2019-09-04T06:40:11+00:00\",\"dateModified\":\"2020-01-27T11:14:37+00:00\",\"breadcrumb\":{\"@id\":\"https:\/\/www.aztiker.eus\/es\/politica-de-privacidad\/#breadcrumb\"},\"inLanguage\":\"es\",\"potentialAction\":[{\"@type\":\"ReadAction\",\"target\":[\"https:\/\/www.aztiker.eus\/es\/politica-de-privacidad\/\"]}]},{\"@type\":\"BreadcrumbList\",\"@id\":\"https:\/\/www.aztiker.eus\/es\/politica-de-privacidad\/#breadcrumb\",\"itemListElement\":[{\"@type\":\"ListItem\",\"position\":1,\"name\":\"Home\",\"item\":\"https:\/\/www.aztiker.eus\/es\/\"},{\"@type\":\"ListItem\",\"position\":2,\"name\":\"Pol\u00edtica de Privacidad\"}]},{\"@type\":\"WebSite\",\"@id\":\"https:\/\/www.aztiker.eus\/es\/#website\",\"url\":\"https:\/\/www.aztiker.eus\/es\/\",\"name\":\"Aztiker\",\"description\":\"Soziologia Ikergunea\",\"publisher\":{\"@id\":\"https:\/\/www.aztiker.eus\/es\/#organization\"},\"potentialAction\":[{\"@type\":\"SearchAction\",\"target\":{\"@type\":\"EntryPoint\",\"urlTemplate\":\"https:\/\/www.aztiker.eus\/es\/?s={search_term_string}\"},\"query-input\":{\"@type\":\"PropertyValueSpecification\",\"valueRequired\":true,\"valueName\":\"search_term_string\"}}],\"inLanguage\":\"es\"},{\"@type\":\"Organization\",\"@id\":\"https:\/\/www.aztiker.eus\/es\/#organization\",\"name\":\"Aztiker\",\"url\":\"https:\/\/www.aztiker.eus\/es\/\",\"logo\":{\"@type\":\"ImageObject\",\"inLanguage\":\"es\",\"@id\":\"https:\/\/www.aztiker.eus\/es\/#\/schema\/logo\/image\/\",\"url\":\"https:\/\/www.aztiker.eus\/wp-content\/uploads\/2019\/05\/cropped-ikonoa3.png\",\"contentUrl\":\"https:\/\/www.aztiker.eus\/wp-content\/uploads\/2019\/05\/cropped-ikonoa3.png\",\"width\":1406,\"height\":1407,\"caption\":\"Aztiker\"},\"image\":{\"@id\":\"https:\/\/www.aztiker.eus\/es\/#\/schema\/logo\/image\/\"}}]}<\/script>\n<!-- \/ Yoast SEO plugin. -->","yoast_head_json":{"title":"Pol\u00edtica de Privacidad - Aztiker","robots":{"index":"noindex","follow":"follow"},"og_locale":"es_ES","og_type":"article","og_title":"Pol\u00edtica de Privacidad - Aztiker","og_description":"Pol\u00edtica de Privacidad 1. Introducci\u00f3n En cumplimiento de la normativa sobre Protecci\u00f3n de Datos Personales, se informa a los usuarios\u00a0que\u00a0los\u00a0datos personales que faciliten mediante\u00a0correo electr\u00f3nico, enviados a trav\u00e9s de formularios o por cualquier otro medio ubicado en este sitio web\u00a0ser\u00e1n incorporados a sistemas de tratamiento de datos\u00a0de\u00a0Aztiker, Koop. E. Txikia, Responsable del Tratamiento, con la &hellip; Pol\u00edtica de PrivacidadRead More &raquo;","og_url":"https:\/\/www.aztiker.eus\/es\/politica-de-privacidad\/","og_site_name":"Aztiker","article_modified_time":"2020-01-27T11:14:37+00:00","twitter_card":"summary_large_image","twitter_misc":{"Tiempo de lectura":"7 minutos"},"schema":{"@context":"https:\/\/schema.org","@graph":[{"@type":"WebPage","@id":"https:\/\/www.aztiker.eus\/es\/politica-de-privacidad\/","url":"https:\/\/www.aztiker.eus\/es\/politica-de-privacidad\/","name":"Pol\u00edtica de Privacidad - Aztiker","isPartOf":{"@id":"https:\/\/www.aztiker.eus\/es\/#website"},"datePublished":"2019-09-04T06:40:11+00:00","dateModified":"2020-01-27T11:14:37+00:00","breadcrumb":{"@id":"https:\/\/www.aztiker.eus\/es\/politica-de-privacidad\/#breadcrumb"},"inLanguage":"es","potentialAction":[{"@type":"ReadAction","target":["https:\/\/www.aztiker.eus\/es\/politica-de-privacidad\/"]}]},{"@type":"BreadcrumbList","@id":"https:\/\/www.aztiker.eus\/es\/politica-de-privacidad\/#breadcrumb","itemListElement":[{"@type":"ListItem","position":1,"name":"Home","item":"https:\/\/www.aztiker.eus\/es\/"},{"@type":"ListItem","position":2,"name":"Pol\u00edtica de Privacidad"}]},{"@type":"WebSite","@id":"https:\/\/www.aztiker.eus\/es\/#website","url":"https:\/\/www.aztiker.eus\/es\/","name":"Aztiker","description":"Soziologia Ikergunea","publisher":{"@id":"https:\/\/www.aztiker.eus\/es\/#organization"},"potentialAction":[{"@type":"SearchAction","target":{"@type":"EntryPoint","urlTemplate":"https:\/\/www.aztiker.eus\/es\/?s={search_term_string}"},"query-input":{"@type":"PropertyValueSpecification","valueRequired":true,"valueName":"search_term_string"}}],"inLanguage":"es"},{"@type":"Organization","@id":"https:\/\/www.aztiker.eus\/es\/#organization","name":"Aztiker","url":"https:\/\/www.aztiker.eus\/es\/","logo":{"@type":"ImageObject","inLanguage":"es","@id":"https:\/\/www.aztiker.eus\/es\/#\/schema\/logo\/image\/","url":"https:\/\/www.aztiker.eus\/wp-content\/uploads\/2019\/05\/cropped-ikonoa3.png","contentUrl":"https:\/\/www.aztiker.eus\/wp-content\/uploads\/2019\/05\/cropped-ikonoa3.png","width":1406,"height":1407,"caption":"Aztiker"},"image":{"@id":"https:\/\/www.aztiker.eus\/es\/#\/schema\/logo\/image\/"}}]}},"_links":{"self":[{"href":"https:\/\/www.aztiker.eus\/es\/wp-json\/wp\/v2\/pages\/1411","targetHints":{"allow":["GET"]}}],"collection":[{"href":"https:\/\/www.aztiker.eus\/es\/wp-json\/wp\/v2\/pages"}],"about":[{"href":"https:\/\/www.aztiker.eus\/es\/wp-json\/wp\/v2\/types\/page"}],"author":[{"embeddable":true,"href":"https:\/\/www.aztiker.eus\/es\/wp-json\/wp\/v2\/users\/1"}],"replies":[{"embeddable":true,"href":"https:\/\/www.aztiker.eus\/es\/wp-json\/wp\/v2\/comments?post=1411"}],"version-history":[{"count":3,"href":"https:\/\/www.aztiker.eus\/es\/wp-json\/wp\/v2\/pages\/1411\/revisions"}],"predecessor-version":[{"id":1482,"href":"https:\/\/www.aztiker.eus\/es\/wp-json\/wp\/v2\/pages\/1411\/revisions\/1482"}],"wp:attachment":[{"href":"https:\/\/www.aztiker.eus\/es\/wp-json\/wp\/v2\/media?parent=1411"}],"curies":[{"name":"wp","href":"https:\/\/api.w.org\/{rel}","templated":true}]}}